{"id":1786,"date":"2015-06-18T17:17:38","date_gmt":"2015-06-18T16:17:38","guid":{"rendered":"http:\/\/migennesrugby.fr\/?page_id=1786"},"modified":"2017-09-07T10:46:07","modified_gmt":"2017-09-07T09:46:07","slug":"album-photo-des-50-ans-du-club","status":"publish","type":"page","link":"https:\/\/migennesrugby.fr\/?page_id=1786","title":{"rendered":"Album photo des 50 ans du club"},"content":{"rendered":"<h3 style=\"text-align: center;\"><em><strong>Retrouvez l&#8217;album en cliquant sur l&#8217;image !<\/strong><\/em><\/h3>\n<p style=\"text-align: center;\"><a href=\" http:\/\/www.monalbum.fr\/Album-C8M6V3EG-Photos-de-Sports-Rugby.html\"><img loading=\"lazy\" decoding=\"async\" class=\"aligncenter wp-image-1784 size-medium\" src=\"https:\/\/migennesrugby.fr\/wp-content\/uploads\/2015\/06\/Gobelet-modif-296x300.jpg\" alt=\"50 ans club !\" width=\"296\" height=\"300\" srcset=\"https:\/\/migennesrugby.fr\/wp-content\/uploads\/2015\/06\/Gobelet-modif-296x300.jpg 296w, https:\/\/migennesrugby.fr\/wp-content\/uploads\/2015\/06\/Gobelet-modif.jpg 891w\" sizes=\"(max-width: 296px) 100vw, 296px\" \/><\/a><\/p>\n","protected":false},"excerpt":{"rendered":"<p>Retrouvez l&#8217;album en cliquant sur l&#8217;image !<\/p>\n","protected":false},"author":10,"featured_media":0,"parent":119,"menu_order":1,"comment_status":"closed","ping_status":"closed","template":"","meta":{"advgb_blocks_editor_width":"","advgb_blocks_columns_visual_guide":"","footnotes":""},"class_list":["post-1786","page","type-page","status-publish","hentry"],"uagb_featured_image_src":{"full":false,"thumbnail":false,"medium":false,"medium_large":false,"large":false,"1536x1536":false,"2048x2048":false,"wptouch-new-thumbnail":false,"post-thumbnail":false},"uagb_author_info":{"display_name":"Luc Gorce","author_link":"https:\/\/migennesrugby.fr\/?author=10"},"uagb_comment_info":0,"uagb_excerpt":"Retrouvez l&#8217;album en cliquant sur l&#8217;image !","coauthors":[],"author_meta":{"author_link":"https:\/\/migennesrugby.fr\/?author=10","display_name":"Luc Gorce"},"relative_dates":{"created":"Publi\u00e9 11 ans il y a","modified":"Mis \u00e0 jour 9 ans il y a"},"absolute_dates":{"created":"Publi\u00e9 le 18 juin 2015","modified":"Mise \u00e0 jour le 7 septembre 2017"},"absolute_dates_time":{"created":"Publi\u00e9 le 18 juin 2015 17 h 17 min","modified":"Mise \u00e0 jour le 7 septembre 2017 10 h 46 min"},"featured_img_caption":"","featured_img":false,"series_order":"","_links":{"self":[{"href":"https:\/\/migennesrugby.fr\/index.php?rest_route=\/wp\/v2\/pages\/1786"}],"collection":[{"href":"https:\/\/migennesrugby.fr\/index.php?rest_route=\/wp\/v2\/pages"}],"about":[{"href":"https:\/\/migennesrugby.fr\/index.php?rest_route=\/wp\/v2\/types\/page"}],"author":[{"embeddable":true,"href":"https:\/\/migennesrugby.fr\/index.php?rest_route=\/wp\/v2\/users\/10"}],"replies":[{"embeddable":true,"href":"https:\/\/migennesrugby.fr\/index.php?rest_route=%2Fwp%2Fv2%2Fcomments&post=1786"}],"version-history":[{"count":6,"href":"https:\/\/migennesrugby.fr\/index.php?rest_route=\/wp\/v2\/pages\/1786\/revisions"}],"predecessor-version":[{"id":3218,"href":"https:\/\/migennesrugby.fr\/index.php?rest_route=\/wp\/v2\/pages\/1786\/revisions\/3218"}],"up":[{"embeddable":true,"href":"https:\/\/migennesrugby.fr\/index.php?rest_route=\/wp\/v2\/pages\/119"}],"wp:attachment":[{"href":"https:\/\/migennesrugby.fr\/index.php?rest_route=%2Fwp%2Fv2%2Fmedia&parent=1786"}],"curies":[{"name":"wp","href":"https:\/\/api.w.org\/{rel}","templated":true}]}}