{"id":1937,"date":"2015-10-07T01:21:11","date_gmt":"2015-10-07T00:21:11","guid":{"rendered":"http:\/\/migennesrugby.fr\/?page_id=1937"},"modified":"2021-09-09T13:40:41","modified_gmt":"2021-09-09T12:40:41","slug":"infos-pratiques","status":"publish","type":"page","link":"https:\/\/migennesrugby.fr\/?page_id=1937","title":{"rendered":"Infos Pratiques"},"content":{"rendered":"\n<h3 class=\"has-text-align-center has-blue-color has-text-color wp-block-heading\">Un renseignement, un conseil une question contactez :<\/h3>\n\n\n\n<p class=\"has-text-align-center has-blue-color has-text-color has-medium-font-size\"><\/p>\n\n\n\n<div class=\"wp-block-image\"><figure class=\"aligncenter size-large is-resized\"><img decoding=\"async\" src=\"https:\/\/migennesrugby.fr\/wp-content\/uploads\/2021\/09\/Pole-600x204.jpg\" alt=\"\" class=\"wp-image-6705\" width=\"600\" srcset=\"https:\/\/migennesrugby.fr\/wp-content\/uploads\/2021\/09\/Pole-600x204.jpg 600w, https:\/\/migennesrugby.fr\/wp-content\/uploads\/2021\/09\/Pole-768x262.jpg 768w, https:\/\/migennesrugby.fr\/wp-content\/uploads\/2021\/09\/Pole.jpg 869w\" sizes=\"(max-width: 600px) 100vw, 600px\" \/><\/figure><\/div>\n","protected":false},"excerpt":{"rendered":"<p>Un renseignement, un conseil une question contactez :<\/p>\n","protected":false},"author":10,"featured_media":0,"parent":651,"menu_order":1,"comment_status":"closed","ping_status":"closed","template":"","meta":{"advgb_blocks_editor_width":"","advgb_blocks_columns_visual_guide":"","footnotes":""},"class_list":["post-1937","page","type-page","status-publish","hentry"],"uagb_featured_image_src":{"full":false,"thumbnail":false,"medium":false,"medium_large":false,"large":false,"1536x1536":false,"2048x2048":false,"wptouch-new-thumbnail":false,"post-thumbnail":false},"uagb_author_info":{"display_name":"Luc Gorce","author_link":"https:\/\/migennesrugby.fr\/?author=10"},"uagb_comment_info":0,"uagb_excerpt":"Un renseignement, un conseil une question contactez :","coauthors":[],"author_meta":{"author_link":"https:\/\/migennesrugby.fr\/?author=10","display_name":"Luc Gorce"},"relative_dates":{"created":"Publi\u00e9 11 ans il y a","modified":"Mis \u00e0 jour 5 ans il y a"},"absolute_dates":{"created":"Publi\u00e9 le 7 octobre 2015","modified":"Mise \u00e0 jour le 9 septembre 2021"},"absolute_dates_time":{"created":"Publi\u00e9 le 7 octobre 2015 1 h 21 min","modified":"Mise \u00e0 jour le 9 septembre 2021 13 h 40 min"},"featured_img_caption":"","featured_img":false,"series_order":"","_links":{"self":[{"href":"https:\/\/migennesrugby.fr\/index.php?rest_route=\/wp\/v2\/pages\/1937"}],"collection":[{"href":"https:\/\/migennesrugby.fr\/index.php?rest_route=\/wp\/v2\/pages"}],"about":[{"href":"https:\/\/migennesrugby.fr\/index.php?rest_route=\/wp\/v2\/types\/page"}],"author":[{"embeddable":true,"href":"https:\/\/migennesrugby.fr\/index.php?rest_route=\/wp\/v2\/users\/10"}],"replies":[{"embeddable":true,"href":"https:\/\/migennesrugby.fr\/index.php?rest_route=%2Fwp%2Fv2%2Fcomments&post=1937"}],"version-history":[{"count":28,"href":"https:\/\/migennesrugby.fr\/index.php?rest_route=\/wp\/v2\/pages\/1937\/revisions"}],"predecessor-version":[{"id":6706,"href":"https:\/\/migennesrugby.fr\/index.php?rest_route=\/wp\/v2\/pages\/1937\/revisions\/6706"}],"up":[{"embeddable":true,"href":"https:\/\/migennesrugby.fr\/index.php?rest_route=\/wp\/v2\/pages\/651"}],"wp:attachment":[{"href":"https:\/\/migennesrugby.fr\/index.php?rest_route=%2Fwp%2Fv2%2Fmedia&parent=1937"}],"curies":[{"name":"wp","href":"https:\/\/api.w.org\/{rel}","templated":true}]}}