{"id":1941,"date":"2015-10-07T01:22:19","date_gmt":"2015-10-07T00:22:19","guid":{"rendered":"http:\/\/migennesrugby.fr\/?page_id=1941"},"modified":"2021-09-09T13:55:34","modified_gmt":"2021-09-09T12:55:34","slug":"infos-pratiques","status":"publish","type":"page","link":"https:\/\/migennesrugby.fr\/?page_id=1941","title":{"rendered":"Infos Pratiques"},"content":{"rendered":"\n<div class=\"wp-block-image\"><figure class=\"aligncenter size-large\"><img loading=\"lazy\" decoding=\"async\" width=\"600\" height=\"285\" src=\"https:\/\/migennesrugby.fr\/wp-content\/uploads\/2021\/09\/senior-H-2-600x285.jpg\" alt=\"\" class=\"wp-image-6717\" srcset=\"https:\/\/migennesrugby.fr\/wp-content\/uploads\/2021\/09\/senior-H-2-600x285.jpg 600w, https:\/\/migennesrugby.fr\/wp-content\/uploads\/2021\/09\/senior-H-2-768x365.jpg 768w, https:\/\/migennesrugby.fr\/wp-content\/uploads\/2021\/09\/senior-H-2.jpg 875w\" sizes=\"(max-width: 600px) 100vw, 600px\" \/><\/figure><\/div>\n\n\n\n<p class=\"has-text-align-center has-text-color has-large-font-size\" style=\"color:#0033cc\"><strong>Nos couleurs soit l&#8217;une soit l&#8217;autre <\/strong><\/p>\n\n\n\n<p><\/p>\n\n\n\n<p class=\"has-text-align-center has-text-color has-large-font-size\" style=\"color:#0033cc\"><strong>c&#8217;est suivant :<\/strong><\/p>\n\n\n\n<figure class=\"wp-block-image size-large is-resized\"><img loading=\"lazy\" decoding=\"async\" src=\"https:\/\/migennesrugby.fr\/wp-content\/uploads\/2020\/03\/Nos-couleurs-1024x472.jpg\" alt=\"\" class=\"wp-image-5569\" width=\"512\" height=\"236\" srcset=\"https:\/\/migennesrugby.fr\/wp-content\/uploads\/2020\/03\/Nos-couleurs-1024x472.jpg 1024w, https:\/\/migennesrugby.fr\/wp-content\/uploads\/2020\/03\/Nos-couleurs-300x138.jpg 300w, https:\/\/migennesrugby.fr\/wp-content\/uploads\/2020\/03\/Nos-couleurs-768x354.jpg 768w, https:\/\/migennesrugby.fr\/wp-content\/uploads\/2020\/03\/Nos-couleurs.jpg 1053w\" sizes=\"(max-width: 512px) 100vw, 512px\" \/><\/figure>\n\n\n\n<div class=\"wp-block-image\"><figure class=\"aligncenter size-large is-resized\"><img loading=\"lazy\" decoding=\"async\" src=\"https:\/\/migennesrugby.fr\/wp-content\/uploads\/2020\/03\/short.png\" alt=\"\" class=\"wp-image-5570\" width=\"194\" height=\"105\" srcset=\"https:\/\/migennesrugby.fr\/wp-content\/uploads\/2020\/03\/short.png 388w, https:\/\/migennesrugby.fr\/wp-content\/uploads\/2020\/03\/short-300x162.png 300w\" sizes=\"(max-width: 194px) 100vw, 194px\" \/><\/figure><\/div>\n\n\n\n<p><\/p>\n","protected":false},"excerpt":{"rendered":"<p>Nos couleurs soit l&#8217;une soit l&#8217;autre c&#8217;est suivant :<\/p>\n","protected":false},"author":10,"featured_media":0,"parent":8,"menu_order":1,"comment_status":"closed","ping_status":"closed","template":"","meta":{"advgb_blocks_editor_width":"","advgb_blocks_columns_visual_guide":"","footnotes":""},"class_list":["post-1941","page","type-page","status-publish","hentry"],"uagb_featured_image_src":{"full":false,"thumbnail":false,"medium":false,"medium_large":false,"large":false,"1536x1536":false,"2048x2048":false,"wptouch-new-thumbnail":false,"post-thumbnail":false},"uagb_author_info":{"display_name":"Luc Gorce","author_link":"https:\/\/migennesrugby.fr\/?author=10"},"uagb_comment_info":0,"uagb_excerpt":"Nos couleurs soit l&#8217;une soit l&#8217;autre c&#8217;est suivant :","coauthors":[],"author_meta":{"author_link":"https:\/\/migennesrugby.fr\/?author=10","display_name":"Luc Gorce"},"relative_dates":{"created":"Publi\u00e9 11 ans il y a","modified":"Mis \u00e0 jour 5 ans il y a"},"absolute_dates":{"created":"Publi\u00e9 le 7 octobre 2015","modified":"Mise \u00e0 jour le 9 septembre 2021"},"absolute_dates_time":{"created":"Publi\u00e9 le 7 octobre 2015 1 h 22 min","modified":"Mise \u00e0 jour le 9 septembre 2021 13 h 55 min"},"featured_img_caption":"","featured_img":false,"series_order":"","_links":{"self":[{"href":"https:\/\/migennesrugby.fr\/index.php?rest_route=\/wp\/v2\/pages\/1941"}],"collection":[{"href":"https:\/\/migennesrugby.fr\/index.php?rest_route=\/wp\/v2\/pages"}],"about":[{"href":"https:\/\/migennesrugby.fr\/index.php?rest_route=\/wp\/v2\/types\/page"}],"author":[{"embeddable":true,"href":"https:\/\/migennesrugby.fr\/index.php?rest_route=\/wp\/v2\/users\/10"}],"replies":[{"embeddable":true,"href":"https:\/\/migennesrugby.fr\/index.php?rest_route=%2Fwp%2Fv2%2Fcomments&post=1941"}],"version-history":[{"count":37,"href":"https:\/\/migennesrugby.fr\/index.php?rest_route=\/wp\/v2\/pages\/1941\/revisions"}],"predecessor-version":[{"id":6718,"href":"https:\/\/migennesrugby.fr\/index.php?rest_route=\/wp\/v2\/pages\/1941\/revisions\/6718"}],"up":[{"embeddable":true,"href":"https:\/\/migennesrugby.fr\/index.php?rest_route=\/wp\/v2\/pages\/8"}],"wp:attachment":[{"href":"https:\/\/migennesrugby.fr\/index.php?rest_route=%2Fwp%2Fv2%2Fmedia&parent=1941"}],"curies":[{"name":"wp","href":"https:\/\/api.w.org\/{rel}","templated":true}]}}