{"id":22,"date":"2013-10-07T03:24:44","date_gmt":"2013-10-07T02:24:44","guid":{"rendered":"http:\/\/migennesrugby.fr\/?page_id=22"},"modified":"2020-08-28T17:25:02","modified_gmt":"2020-08-28T16:25:02","slug":"test-sous-categorie-3","status":"publish","type":"page","link":"https:\/\/migennesrugby.fr\/?page_id=22","title":{"rendered":"Historique"},"content":{"rendered":"\n<h1 class=\"has-text-align-center wp-block-heading\"><span style=\"color: #ff0000;\">Historique du club<\/span><\/h1>\n\n\n\n<div class=\"wp-block-image\"><figure class=\"aligncenter\"><a href=\"https:\/\/migennesrugby.fr\/wp-content\/uploads\/2013\/10\/histo1.jpg\"><img loading=\"lazy\" decoding=\"async\" width=\"599\" height=\"428\" src=\"https:\/\/migennesrugby.fr\/wp-content\/uploads\/2013\/10\/histo1.jpg\" alt=\"histo1\" class=\"wp-image-575\" srcset=\"https:\/\/migennesrugby.fr\/wp-content\/uploads\/2013\/10\/histo1.jpg 599w, https:\/\/migennesrugby.fr\/wp-content\/uploads\/2013\/10\/histo1-300x214.jpg 300w\" sizes=\"(max-width: 599px) 100vw, 599px\" \/><\/a><\/figure><\/div>\n\n\n\n<p class=\"has-text-align-left\"><br><strong><span style=\"color: #000000;\"><span style=\"color: #3366ff;\">&nbsp;&nbsp;&nbsp;&nbsp;&nbsp; 1965&nbsp;&nbsp;&nbsp;&nbsp;&nbsp; : <\/span>Cr\u00e9ation du club de rugby sous les couleurs de la M.J.C.L.S.<\/span><\/strong><\/p>\n\n\n\n<p class=\"has-text-align-left\"><strong><span style=\"color: #000000;\"><span style=\"color: #3366ff;\">1981-1982 :<\/span> Red\u00e9marrage de l\u2019\u00e9cole de Rugby sous l\u2019impulsion de J.P Breugnot, G.Terrats et F. Fournier.<\/span><\/strong><\/p>\n\n\n\n<p><strong><span style=\"color: #000000;\"><span style=\"color: #3366ff;\">1983-1984 :<\/span> Le Rugby Migennois rejoint l\u2019ASUCM.<\/span><\/strong><\/p>\n\n\n\n<p><strong><span style=\"color: #000000;\"><span style=\"color: #3366ff;\">1989-1990 :<\/span> Les cadets sont champions de Bourgogne FFR et champions de Bourgogne\/Franche-Comt\u00e9 UFOLEP.<\/span><\/strong><\/p>\n\n\n\n<p><strong><span style=\"color: #000000;\"><span style=\"color: #3366ff;\">1990-1991 :<\/span> Premier tournoi de Migennes.<\/span><\/strong><\/p>\n\n\n\n<p><strong><span style=\"color: #000000;\"><span style=\"color: #3366ff;\">1991-1992 :<\/span> Les cadets sont en finale du championnat de France UFOLEP<\/span><\/strong><\/p>\n\n\n\n<p><strong><span style=\"color: #000000;\"><span style=\"color: #3366ff;\">1996-1997 :<\/span> Le 20\/04\/1997, date historique : Migennes monte en 3\u00e8me Division.<\/span><\/strong><\/p>\n\n\n\n<p><strong><span style=\"color: #000000;\"><span style=\"color: #3366ff;\">2001-2002 :<\/span> Nous remontons en f\u00e9d\u00e9rale 3 et d\u00e9crochons le titre de champion de Bourgogne honneur.<\/span><\/strong><\/p>\n\n\n\n<p><strong><span style=\"color: #000000;\"><span style=\"color: #3366ff;\">2003-2004 : <\/span>Les LOCOS se maintiennent en 3\u00e8me division f\u00e9minine.<\/span><\/strong><\/p>\n\n\n\n<div class=\"wp-block-image\"><figure class=\"aligncenter\"><a href=\"https:\/\/migennesrugby.fr\/wp-content\/uploads\/2013\/10\/histo-2.jpg\"><img loading=\"lazy\" decoding=\"async\" width=\"499\" height=\"374\" src=\"https:\/\/migennesrugby.fr\/wp-content\/uploads\/2013\/10\/histo-2.jpg\" alt=\"histo 2\" class=\"wp-image-577\" srcset=\"https:\/\/migennesrugby.fr\/wp-content\/uploads\/2013\/10\/histo-2.jpg 499w, https:\/\/migennesrugby.fr\/wp-content\/uploads\/2013\/10\/histo-2-300x224.jpg 300w\" sizes=\"(max-width: 499px) 100vw, 499px\" \/><\/a><\/figure><\/div>\n\n\n\n<p><strong><span style=\"color: #000000;\"><span style=\"color: #3366ff;\">2005-2006 : <\/span>L\u2019\u00e9cole de rugby ram\u00e8ne le Challenge Guy Abraham qui r\u00e9compense la meilleure EDR du d\u00e9partement.<\/span><\/strong><\/p>\n\n\n\n<p><strong><span style=\"color: #000000;\"><br><\/span><\/strong><strong><span style=\"color: #000000;\"><span style=\"color: #3366ff;\">2006-2007:&nbsp; <\/span>Seniors A&nbsp; 1er en HONNEUR sont champion Bourgogne Franche Comt\u00e9, <\/span><\/strong><strong><span style=\"color: #000000;\">montent en&nbsp; F\u00c9D\u00c9RALE 3 et&#8230; <\/span><\/strong><\/p>\n\n\n\n<div class=\"wp-block-image\"><figure class=\"aligncenter\"><a href=\"https:\/\/migennesrugby.fr\/wp-content\/uploads\/2013\/10\/histo3.jpg\"><img loading=\"lazy\" decoding=\"async\" width=\"407\" height=\"297\" src=\"https:\/\/migennesrugby.fr\/wp-content\/uploads\/2013\/10\/histo3.jpg\" alt=\"histo3\" class=\"wp-image-578\" srcset=\"https:\/\/migennesrugby.fr\/wp-content\/uploads\/2013\/10\/histo3.jpg 407w, https:\/\/migennesrugby.fr\/wp-content\/uploads\/2013\/10\/histo3-300x218.jpg 300w\" sizes=\"(max-width: 407px) 100vw, 407px\" \/><\/a><\/figure><\/div>\n\n\n\n<p><strong>&nbsp; &nbsp; &nbsp; &nbsp; &nbsp; &nbsp; &nbsp; &nbsp; &nbsp; &nbsp; &nbsp; &nbsp; &#8211;&nbsp; L\u2019\u00e9cole de RUGBY remporte \u00e0 nouveau le Challenge Guy Abraham<\/strong><\/p>\n\n\n\n<div class=\"wp-block-image\"><figure class=\"aligncenter\"><a href=\"https:\/\/migennesrugby.fr\/wp-content\/uploads\/2013\/10\/histo4.jpg\"><img loading=\"lazy\" decoding=\"async\" width=\"497\" height=\"373\" src=\"https:\/\/migennesrugby.fr\/wp-content\/uploads\/2013\/10\/histo4.jpg\" alt=\"histo4\" class=\"wp-image-579\" srcset=\"https:\/\/migennesrugby.fr\/wp-content\/uploads\/2013\/10\/histo4.jpg 497w, https:\/\/migennesrugby.fr\/wp-content\/uploads\/2013\/10\/histo4-300x225.jpg 300w\" sizes=\"(max-width: 497px) 100vw, 497px\" \/><\/a><\/figure><\/div>\n\n\n\n<p><strong><span style=\"color: #000000;\"><span style=\"color: #3366ff;\">2007-2008 :<\/span> Les seniors se maintiennent en F\u00e9d\u00e9rale 3 Les locos en f\u00e9d\u00e9rale 2<\/span><\/strong><\/p>\n\n\n\n<p><span style=\"color: #3366ff;\"><span style=\"color: #0000ff;\"><strong>2009-2010<\/strong><\/span> :&nbsp;<\/span><strong><span style=\"color: #000000;\"> Les locos sont premi\u00e8res de leur poule en F\u00e9d\u00e9rale 3.<\/span><\/strong><br><strong>&nbsp;<\/strong><\/p>\n\n\n\n<div class=\"wp-block-image\"><figure class=\"aligncenter\"><a href=\"https:\/\/migennesrugby.fr\/wp-content\/uploads\/2013\/10\/histo5.jpg\"><img loading=\"lazy\" decoding=\"async\" width=\"496\" height=\"372\" src=\"https:\/\/migennesrugby.fr\/wp-content\/uploads\/2013\/10\/histo5.jpg\" alt=\"histo5\" class=\"wp-image-580\" srcset=\"https:\/\/migennesrugby.fr\/wp-content\/uploads\/2013\/10\/histo5.jpg 496w, https:\/\/migennesrugby.fr\/wp-content\/uploads\/2013\/10\/histo5-300x225.jpg 300w\" sizes=\"(max-width: 496px) 100vw, 496px\" \/><\/a><\/figure><\/div>\n\n\n\n<h3 class=\"wp-block-heading\"><span style=\"color: #3366ff;\"><span style=\"color: #0000ff;\"><strong>2010-2011<\/strong> <\/span>: <\/span><strong><span style=\"color: #000000;\">Les s\u00e9niors H se maintiennent en poule haute honneur, et&#8230;<br><\/span><\/strong><\/h3>\n\n\n\n<h3 class=\"has-text-align-center wp-block-heading\"><span style=\"color: #ff0000;\"><strong>Les Locos sont CHAMPIONNES DE FRANCE \u00e0 7 F\u00e9d\u00e9rale 3.<\/strong><\/span><\/h3>\n\n\n\n<div class=\"wp-block-image\"><figure class=\"aligncenter is-resized\"><a href=\"https:\/\/migennesrugby.fr\/wp-content\/uploads\/2013\/10\/EQUIPE-ET-BOUCLIER-2.jpg\"><img loading=\"lazy\" decoding=\"async\" src=\"https:\/\/migennesrugby.fr\/wp-content\/uploads\/2013\/10\/EQUIPE-ET-BOUCLIER-2-1024x678.jpg\" alt=\"EQUIPE ET BOUCLIER 2\" class=\"wp-image-563\" width=\"512\" height=\"339\" srcset=\"https:\/\/migennesrugby.fr\/wp-content\/uploads\/2013\/10\/EQUIPE-ET-BOUCLIER-2-1024x678.jpg 1024w, https:\/\/migennesrugby.fr\/wp-content\/uploads\/2013\/10\/EQUIPE-ET-BOUCLIER-2-300x198.jpg 300w\" sizes=\"(max-width: 512px) 100vw, 512px\" \/><\/a><\/figure><\/div>\n\n\n\n<h3 class=\"has-text-align-center wp-block-heading\"><span style=\"color: #0000ff;\"><strong>&nbsp; 2018-2019:&nbsp;&nbsp;&nbsp; <span style=\"color: #ff0000;\">nos<\/span><\/strong><\/span><strong><span style=\"color: #ff0000;\"> f\u00e9minines &#8211; 18 ans ram\u00e8nent le bouclier BFC et <\/span><\/strong><\/h3>\n\n\n\n<h3 class=\"has-text-align-center wp-block-heading\"><strong><span style=\"color: #ff0000;\">se classent 8\u00e8me au championnat de France de rugby \u00e0 7 moins de 18 ans&nbsp; <\/span><span style=\"color: #000000;\"><span style=\"color: #ff0000;\">:<\/span><br><\/span><\/strong><\/h3>\n\n\n\n<div class=\"wp-block-image\"><figure class=\"aligncenter is-resized\"><a href=\"https:\/\/migennesrugby.fr\/wp-content\/uploads\/2019\/07\/bouclier.jpg\"><img loading=\"lazy\" decoding=\"async\" src=\"https:\/\/migennesrugby.fr\/wp-content\/uploads\/2019\/07\/bouclier.jpg\" alt=\"\" class=\"wp-image-4877\" width=\"513\" height=\"369\" srcset=\"https:\/\/migennesrugby.fr\/wp-content\/uploads\/2019\/07\/bouclier.jpg 513w, https:\/\/migennesrugby.fr\/wp-content\/uploads\/2019\/07\/bouclier-300x216.jpg 300w\" sizes=\"(max-width: 513px) 100vw, 513px\" \/><\/a><\/figure><\/div>\n\n\n\n<figure class=\"wp-block-image size-large is-resized\"><img loading=\"lazy\" decoding=\"async\" src=\"https:\/\/migennesrugby.fr\/wp-content\/uploads\/2020\/03\/PART_1554564779448_IMG_26451-768x1024.jpg\" alt=\"\" class=\"wp-image-5600\" width=\"384\" height=\"512\" srcset=\"https:\/\/migennesrugby.fr\/wp-content\/uploads\/2020\/03\/PART_1554564779448_IMG_26451-768x1024.jpg 768w, https:\/\/migennesrugby.fr\/wp-content\/uploads\/2020\/03\/PART_1554564779448_IMG_26451-225x300.jpg 225w, https:\/\/migennesrugby.fr\/wp-content\/uploads\/2020\/03\/PART_1554564779448_IMG_26451.jpg 810w\" sizes=\"(max-width: 384px) 100vw, 384px\" \/><\/figure>\n\n\n\n<h3 class=\"has-text-align-center wp-block-heading\"><strong><span style=\"color: #ff0000;\">Nos f\u00e9minines + 18 ans finissent 1\u00e8re \u00e0 l&#8217;issue du championnat r\u00e9gulier.<br><\/span><\/strong><\/h3>\n\n\n\n<figure class=\"wp-block-image size-large is-resized\"><img loading=\"lazy\" decoding=\"async\" src=\"https:\/\/migennesrugby.fr\/wp-content\/uploads\/2020\/03\/18-ans-le-16-12-2018-1024x614.jpg\" alt=\"\" class=\"wp-image-5595\" width=\"512\" height=\"307\" srcset=\"https:\/\/migennesrugby.fr\/wp-content\/uploads\/2020\/03\/18-ans-le-16-12-2018-1024x614.jpg 1024w, https:\/\/migennesrugby.fr\/wp-content\/uploads\/2020\/03\/18-ans-le-16-12-2018-300x180.jpg 300w, https:\/\/migennesrugby.fr\/wp-content\/uploads\/2020\/03\/18-ans-le-16-12-2018-768x461.jpg 768w, https:\/\/migennesrugby.fr\/wp-content\/uploads\/2020\/03\/18-ans-le-16-12-2018-1536x922.jpg 1536w, https:\/\/migennesrugby.fr\/wp-content\/uploads\/2020\/03\/18-ans-le-16-12-2018-2048x1229.jpg 2048w\" sizes=\"(max-width: 512px) 100vw, 512px\" \/><\/figure>\n\n\n\n<p><\/p>\n\n\n\n<div class=\"wp-block-image\"><figure class=\"aligncenter size-large is-resized\"><img loading=\"lazy\" decoding=\"async\" src=\"https:\/\/migennesrugby.fr\/wp-content\/uploads\/2020\/03\/Logo-CM-1024x206.jpg\" alt=\"\" class=\"wp-image-5597\" width=\"260\" height=\"51\" srcset=\"https:\/\/migennesrugby.fr\/wp-content\/uploads\/2020\/03\/Logo-CM-1024x206.jpg 1024w, https:\/\/migennesrugby.fr\/wp-content\/uploads\/2020\/03\/Logo-CM-300x60.jpg 300w, https:\/\/migennesrugby.fr\/wp-content\/uploads\/2020\/03\/Logo-CM-768x155.jpg 768w, https:\/\/migennesrugby.fr\/wp-content\/uploads\/2020\/03\/Logo-CM-1536x310.jpg 1536w, https:\/\/migennesrugby.fr\/wp-content\/uploads\/2020\/03\/Logo-CM-2048x413.jpg 2048w\" sizes=\"(max-width: 260px) 100vw, 260px\" \/><\/figure><\/div>\n\n\n\n<p><\/p>\n","protected":false},"excerpt":{"rendered":"<p>Historique du club &nbsp;&nbsp;&nbsp;&nbsp;&nbsp; 1965&nbsp;&nbsp;&nbsp;&nbsp;&nbsp; : Cr\u00e9ation du club de rugby sous les couleurs de la M.J.C.L.S. 1981-1982 : Red\u00e9marrage de l\u2019\u00e9cole de Rugby sous l\u2019impulsion de J.P Breugnot, G.Terrats et F. Fournier. 1983-1984 : Le Rugby Migennois rejoint l\u2019ASUCM. &hellip; <a href=\"https:\/\/migennesrugby.fr\/?page_id=22\">Continuer la lecture <span class=\"meta-nav\">&rarr;<\/span><\/a><\/p>\n","protected":false},"author":10,"featured_media":0,"parent":10,"menu_order":3,"comment_status":"closed","ping_status":"closed","template":"","meta":{"advgb_blocks_editor_width":"","advgb_blocks_columns_visual_guide":"","footnotes":""},"class_list":["post-22","page","type-page","status-publish","hentry"],"uagb_featured_image_src":{"full":false,"thumbnail":false,"medium":false,"medium_large":false,"large":false,"1536x1536":false,"2048x2048":false,"wptouch-new-thumbnail":false,"post-thumbnail":false},"uagb_author_info":{"display_name":"Luc Gorce","author_link":"https:\/\/migennesrugby.fr\/?author=10"},"uagb_comment_info":0,"uagb_excerpt":"Historique du club &nbsp;&nbsp;&nbsp;&nbsp;&nbsp; 1965&nbsp;&nbsp;&nbsp;&nbsp;&nbsp; : Cr\u00e9ation du club de rugby sous les couleurs de la M.J.C.L.S. 1981-1982 : Red\u00e9marrage de l\u2019\u00e9cole de Rugby sous l\u2019impulsion de J.P Breugnot, G.Terrats et F. Fournier. 1983-1984 : Le Rugby Migennois rejoint l\u2019ASUCM. &hellip; Continuer la lecture &rarr;","coauthors":[],"author_meta":{"author_link":"https:\/\/migennesrugby.fr\/?author=10","display_name":"Luc Gorce"},"relative_dates":{"created":"Publi\u00e9 13 ans il y a","modified":"Mis \u00e0 jour 6 ans il y a"},"absolute_dates":{"created":"Publi\u00e9 le 7 octobre 2013","modified":"Mise \u00e0 jour le 28 ao\u00fbt 2020"},"absolute_dates_time":{"created":"Publi\u00e9 le 7 octobre 2013 3 h 24 min","modified":"Mise \u00e0 jour le 28 ao\u00fbt 2020 17 h 25 min"},"featured_img_caption":"","featured_img":false,"series_order":"","_links":{"self":[{"href":"https:\/\/migennesrugby.fr\/index.php?rest_route=\/wp\/v2\/pages\/22"}],"collection":[{"href":"https:\/\/migennesrugby.fr\/index.php?rest_route=\/wp\/v2\/pages"}],"about":[{"href":"https:\/\/migennesrugby.fr\/index.php?rest_route=\/wp\/v2\/types\/page"}],"author":[{"embeddable":true,"href":"https:\/\/migennesrugby.fr\/index.php?rest_route=\/wp\/v2\/users\/10"}],"replies":[{"embeddable":true,"href":"https:\/\/migennesrugby.fr\/index.php?rest_route=%2Fwp%2Fv2%2Fcomments&post=22"}],"version-history":[{"count":28,"href":"https:\/\/migennesrugby.fr\/index.php?rest_route=\/wp\/v2\/pages\/22\/revisions"}],"predecessor-version":[{"id":5881,"href":"https:\/\/migennesrugby.fr\/index.php?rest_route=\/wp\/v2\/pages\/22\/revisions\/5881"}],"up":[{"embeddable":true,"href":"https:\/\/migennesrugby.fr\/index.php?rest_route=\/wp\/v2\/pages\/10"}],"wp:attachment":[{"href":"https:\/\/migennesrugby.fr\/index.php?rest_route=%2Fwp%2Fv2%2Fmedia&parent=22"}],"curies":[{"name":"wp","href":"https:\/\/api.w.org\/{rel}","templated":true}]}}