{"id":2796,"date":"2016-09-15T17:03:29","date_gmt":"2016-09-15T16:03:29","guid":{"rendered":"http:\/\/migennesrugby.fr\/?page_id=2796"},"modified":"2021-10-08T16:18:16","modified_gmt":"2021-10-08T15:18:16","slug":"infos-pratiques","status":"publish","type":"page","link":"https:\/\/migennesrugby.fr\/?page_id=2796","title":{"rendered":"Infos pratiques"},"content":{"rendered":"\n<p class=\"has-medium-font-size blue-message\"> Besoin d\u2019un renseignement, d\u2019un conseil, n\u2019h\u00e9sitez pas, contactez : <\/p>\n\n\n\n<div class=\"wp-block-image\"><figure class=\"aligncenter size-large\"><img loading=\"lazy\" decoding=\"async\" width=\"600\" height=\"276\" src=\"https:\/\/migennesrugby.fr\/wp-content\/uploads\/2021\/10\/Rugby-loisir-600x276.jpg\" alt=\"\" class=\"wp-image-6924\" srcset=\"https:\/\/migennesrugby.fr\/wp-content\/uploads\/2021\/10\/Rugby-loisir-600x276.jpg 600w, https:\/\/migennesrugby.fr\/wp-content\/uploads\/2021\/10\/Rugby-loisir-768x353.jpg 768w, https:\/\/migennesrugby.fr\/wp-content\/uploads\/2021\/10\/Rugby-loisir.jpg 845w\" sizes=\"(max-width: 600px) 100vw, 600px\" \/><\/figure><\/div>\n\n\n\n<p><\/p>\n","protected":false},"excerpt":{"rendered":"<p>Besoin d\u2019un renseignement, d\u2019un conseil, n\u2019h\u00e9sitez pas, contactez :<\/p>\n","protected":false},"author":8,"featured_media":0,"parent":2793,"menu_order":1,"comment_status":"closed","ping_status":"open","template":"","meta":{"advgb_blocks_editor_width":"","advgb_blocks_columns_visual_guide":"","footnotes":""},"class_list":["post-2796","page","type-page","status-publish","hentry"],"uagb_featured_image_src":{"full":false,"thumbnail":false,"medium":false,"medium_large":false,"large":false,"1536x1536":false,"2048x2048":false,"wptouch-new-thumbnail":false,"post-thumbnail":false},"uagb_author_info":{"display_name":"Patrice","author_link":"https:\/\/migennesrugby.fr\/?author=8"},"uagb_comment_info":0,"uagb_excerpt":"Besoin d\u2019un renseignement, d\u2019un conseil, n\u2019h\u00e9sitez pas, contactez :","coauthors":[],"author_meta":{"author_link":"https:\/\/migennesrugby.fr\/?author=8","display_name":"Patrice"},"relative_dates":{"created":"Publi\u00e9 10 ans il y a","modified":"Mis \u00e0 jour 5 ans il y a"},"absolute_dates":{"created":"Publi\u00e9 le 15 septembre 2016","modified":"Mise \u00e0 jour le 8 octobre 2021"},"absolute_dates_time":{"created":"Publi\u00e9 le 15 septembre 2016 17 h 03 min","modified":"Mise \u00e0 jour le 8 octobre 2021 16 h 18 min"},"featured_img_caption":"","featured_img":false,"series_order":"","_links":{"self":[{"href":"https:\/\/migennesrugby.fr\/index.php?rest_route=\/wp\/v2\/pages\/2796"}],"collection":[{"href":"https:\/\/migennesrugby.fr\/index.php?rest_route=\/wp\/v2\/pages"}],"about":[{"href":"https:\/\/migennesrugby.fr\/index.php?rest_route=\/wp\/v2\/types\/page"}],"author":[{"embeddable":true,"href":"https:\/\/migennesrugby.fr\/index.php?rest_route=\/wp\/v2\/users\/8"}],"replies":[{"embeddable":true,"href":"https:\/\/migennesrugby.fr\/index.php?rest_route=%2Fwp%2Fv2%2Fcomments&post=2796"}],"version-history":[{"count":17,"href":"https:\/\/migennesrugby.fr\/index.php?rest_route=\/wp\/v2\/pages\/2796\/revisions"}],"predecessor-version":[{"id":6926,"href":"https:\/\/migennesrugby.fr\/index.php?rest_route=\/wp\/v2\/pages\/2796\/revisions\/6926"}],"up":[{"embeddable":true,"href":"https:\/\/migennesrugby.fr\/index.php?rest_route=\/wp\/v2\/pages\/2793"}],"wp:attachment":[{"href":"https:\/\/migennesrugby.fr\/index.php?rest_route=%2Fwp%2Fv2%2Fmedia&parent=2796"}],"curies":[{"name":"wp","href":"https:\/\/api.w.org\/{rel}","templated":true}]}}