{"id":2798,"date":"2016-09-15T17:04:08","date_gmt":"2016-09-15T16:04:08","guid":{"rendered":"http:\/\/migennesrugby.fr\/?page_id=2798"},"modified":"2021-11-10T17:25:09","modified_gmt":"2021-11-10T16:25:09","slug":"actualites","status":"publish","type":"page","link":"https:\/\/migennesrugby.fr\/?page_id=2798","title":{"rendered":"Actualit\u00e9s"},"content":{"rendered":"\n<div class=\"wp-block-image\"><figure class=\"aligncenter size-large\"><img loading=\"lazy\" decoding=\"async\" width=\"600\" height=\"456\" src=\"https:\/\/migennesrugby.fr\/wp-content\/uploads\/2021\/11\/lois-600x456.jpg\" alt=\"\" class=\"wp-image-7000\" srcset=\"https:\/\/migennesrugby.fr\/wp-content\/uploads\/2021\/11\/lois-600x456.jpg 600w, https:\/\/migennesrugby.fr\/wp-content\/uploads\/2021\/11\/lois-768x584.jpg 768w, https:\/\/migennesrugby.fr\/wp-content\/uploads\/2021\/11\/lois.jpg 772w\" sizes=\"(max-width: 600px) 100vw, 600px\" \/><\/figure><\/div>\n\n\n\n<div class=\"wp-block-image\"><figure class=\"aligncenter size-large\"><img loading=\"lazy\" decoding=\"async\" width=\"600\" height=\"385\" src=\"https:\/\/migennesrugby.fr\/wp-content\/uploads\/2021\/10\/loisir-ac-600x385.jpg\" alt=\"\" class=\"wp-image-6939\" srcset=\"https:\/\/migennesrugby.fr\/wp-content\/uploads\/2021\/10\/loisir-ac-600x385.jpg 600w, https:\/\/migennesrugby.fr\/wp-content\/uploads\/2021\/10\/loisir-ac-768x493.jpg 768w, https:\/\/migennesrugby.fr\/wp-content\/uploads\/2021\/10\/loisir-ac.jpg 777w\" sizes=\"(max-width: 600px) 100vw, 600px\" \/><\/figure><\/div>\n\n\n\n<div class=\"wp-block-image\"><figure class=\"aligncenter size-large\"><img loading=\"lazy\" decoding=\"async\" width=\"600\" height=\"666\" src=\"https:\/\/migennesrugby.fr\/wp-content\/uploads\/2021\/09\/T123-600x666.jpg\" alt=\"\" class=\"wp-image-6815\" srcset=\"https:\/\/migennesrugby.fr\/wp-content\/uploads\/2021\/09\/T123-600x666.jpg 600w, https:\/\/migennesrugby.fr\/wp-content\/uploads\/2021\/09\/T123-768x853.jpg 768w, https:\/\/migennesrugby.fr\/wp-content\/uploads\/2021\/09\/T123.jpg 778w\" sizes=\"(max-width: 600px) 100vw, 600px\" \/><\/figure><\/div>\n\n\n\n<div class=\"wp-block-image\"><figure class=\"aligncenter size-large\"><img loading=\"lazy\" decoding=\"async\" width=\"600\" height=\"494\" src=\"https:\/\/migennesrugby.fr\/wp-content\/uploads\/2021\/06\/Toiuche-600x494.jpg\" alt=\"\" class=\"wp-image-6523\" srcset=\"https:\/\/migennesrugby.fr\/wp-content\/uploads\/2021\/06\/Toiuche-600x494.jpg 600w, https:\/\/migennesrugby.fr\/wp-content\/uploads\/2021\/06\/Toiuche-768x632.jpg 768w, https:\/\/migennesrugby.fr\/wp-content\/uploads\/2021\/06\/Toiuche.jpg 775w\" sizes=\"(max-width: 600px) 100vw, 600px\" \/><\/figure><\/div>\n\n\n\n<div class=\"wp-block-image\"><figure class=\"aligncenter size-large\"><img loading=\"lazy\" decoding=\"async\" width=\"600\" height=\"397\" src=\"https:\/\/migennesrugby.fr\/wp-content\/uploads\/2021\/03\/touch-600x397.jpg\" alt=\"\" class=\"wp-image-6481\" srcset=\"https:\/\/migennesrugby.fr\/wp-content\/uploads\/2021\/03\/touch-600x397.jpg 600w, https:\/\/migennesrugby.fr\/wp-content\/uploads\/2021\/03\/touch.jpg 767w\" sizes=\"(max-width: 600px) 100vw, 600px\" \/><\/figure><\/div>\n\n\n\n<div class=\"wp-block-image\"><figure class=\"aligncenter size-large\"><img loading=\"lazy\" decoding=\"async\" width=\"600\" height=\"195\" src=\"https:\/\/migennesrugby.fr\/wp-content\/uploads\/2021\/01\/detente-4-600x195.png\" alt=\"\" class=\"wp-image-6212\" srcset=\"https:\/\/migennesrugby.fr\/wp-content\/uploads\/2021\/01\/detente-4-600x195.png 600w, https:\/\/migennesrugby.fr\/wp-content\/uploads\/2021\/01\/detente-4-768x249.png 768w, https:\/\/migennesrugby.fr\/wp-content\/uploads\/2021\/01\/detente-4.png 773w\" sizes=\"(max-width: 600px) 100vw, 600px\" \/><\/figure><\/div>\n\n\n\n<div class=\"wp-block-image\"><figure class=\"aligncenter size-large\"><img loading=\"lazy\" decoding=\"async\" width=\"600\" height=\"263\" src=\"https:\/\/migennesrugby.fr\/wp-content\/uploads\/2021\/01\/touche-600x263.png\" alt=\"\" class=\"wp-image-6199\" srcset=\"https:\/\/migennesrugby.fr\/wp-content\/uploads\/2021\/01\/touche-600x263.png 600w, https:\/\/migennesrugby.fr\/wp-content\/uploads\/2021\/01\/touche-768x337.png 768w, https:\/\/migennesrugby.fr\/wp-content\/uploads\/2021\/01\/touche.png 770w\" sizes=\"(max-width: 600px) 100vw, 600px\" \/><\/figure><\/div>\n\n\n\n<div class=\"wp-block-image\"><figure class=\"aligncenter size-large\"><img loading=\"lazy\" decoding=\"async\" width=\"600\" height=\"410\" src=\"https:\/\/migennesrugby.fr\/wp-content\/uploads\/2020\/10\/touch-600x410.jpg\" alt=\"\" class=\"wp-image-6113\" srcset=\"https:\/\/migennesrugby.fr\/wp-content\/uploads\/2020\/10\/touch-600x410.jpg 600w, https:\/\/migennesrugby.fr\/wp-content\/uploads\/2020\/10\/touch-768x525.jpg 768w, https:\/\/migennesrugby.fr\/wp-content\/uploads\/2020\/10\/touch.jpg 777w\" sizes=\"(max-width: 600px) 100vw, 600px\" \/><\/figure><\/div>\n\n\n\n<figure class=\"wp-block-image size-large is-resized\"><img loading=\"lazy\" decoding=\"async\" src=\"https:\/\/migennesrugby.fr\/wp-content\/uploads\/2019\/10\/LOISIR-2.jpg\" alt=\"\" class=\"wp-image-5094\" width=\"582\" height=\"177\" srcset=\"https:\/\/migennesrugby.fr\/wp-content\/uploads\/2019\/10\/LOISIR-2.jpg 776w, https:\/\/migennesrugby.fr\/wp-content\/uploads\/2019\/10\/LOISIR-2-300x91.jpg 300w, https:\/\/migennesrugby.fr\/wp-content\/uploads\/2019\/10\/LOISIR-2-768x234.jpg 768w\" sizes=\"(max-width: 582px) 100vw, 582px\" \/><\/figure>\n\n\n\n<div class=\"wp-block-image\"><figure class=\"aligncenter size-large is-resized\"><img loading=\"lazy\" decoding=\"async\" src=\"https:\/\/migennesrugby.fr\/wp-content\/uploads\/2019\/10\/LOIS-1.jpg\" alt=\"\" class=\"wp-image-5093\" width=\"581\" height=\"257\" srcset=\"https:\/\/migennesrugby.fr\/wp-content\/uploads\/2019\/10\/LOIS-1.jpg 775w, https:\/\/migennesrugby.fr\/wp-content\/uploads\/2019\/10\/LOIS-1-300x133.jpg 300w, https:\/\/migennesrugby.fr\/wp-content\/uploads\/2019\/10\/LOIS-1-768x340.jpg 768w\" sizes=\"(max-width: 581px) 100vw, 581px\" \/><\/figure><\/div>\n\n\n\n<h2 class=\"has-text-align-center wp-block-heading\"><strong>Retro saison 2018-2019<\/strong><\/h2>\n\n\n\n<div class=\"wp-block-image\"><figure class=\"aligncenter is-resized\"><img loading=\"lazy\" decoding=\"async\" src=\"https:\/\/migennesrugby.fr\/wp-content\/uploads\/2019\/05\/5.1-1.jpg\" alt=\"\" class=\"wp-image-4663\" width=\"582\" height=\"429\" srcset=\"https:\/\/migennesrugby.fr\/wp-content\/uploads\/2019\/05\/5.1-1.jpg 776w, https:\/\/migennesrugby.fr\/wp-content\/uploads\/2019\/05\/5.1-1-300x221.jpg 300w, https:\/\/migennesrugby.fr\/wp-content\/uploads\/2019\/05\/5.1-1-768x566.jpg 768w\" sizes=\"(max-width: 582px) 100vw, 582px\" \/><\/figure><\/div>\n\n\n\n<div class=\"wp-block-image\"><figure class=\"aligncenter is-resized\"><img loading=\"lazy\" decoding=\"async\" src=\"https:\/\/migennesrugby.fr\/wp-content\/uploads\/2019\/05\/5.2-1.jpg\" alt=\"\" class=\"wp-image-4662\" width=\"583\" height=\"335\" srcset=\"https:\/\/migennesrugby.fr\/wp-content\/uploads\/2019\/05\/5.2-1.jpg 777w, https:\/\/migennesrugby.fr\/wp-content\/uploads\/2019\/05\/5.2-1-300x172.jpg 300w, https:\/\/migennesrugby.fr\/wp-content\/uploads\/2019\/05\/5.2-1-768x441.jpg 768w\" sizes=\"(max-width: 583px) 100vw, 583px\" \/><\/figure><\/div>\n\n\n\n<div class=\"wp-block-image\"><figure class=\"aligncenter is-resized\"><img loading=\"lazy\" decoding=\"async\" src=\"https:\/\/migennesrugby.fr\/wp-content\/uploads\/2019\/04\/Affiche-tournoi-Loisir-1-729x1024.jpg\" alt=\"\" class=\"wp-image-4612\" width=\"365\" height=\"512\" srcset=\"https:\/\/migennesrugby.fr\/wp-content\/uploads\/2019\/04\/Affiche-tournoi-Loisir-1-729x1024.jpg 729w, https:\/\/migennesrugby.fr\/wp-content\/uploads\/2019\/04\/Affiche-tournoi-Loisir-1-213x300.jpg 213w, https:\/\/migennesrugby.fr\/wp-content\/uploads\/2019\/04\/Affiche-tournoi-Loisir-1-768x1080.jpg 768w, https:\/\/migennesrugby.fr\/wp-content\/uploads\/2019\/04\/Affiche-tournoi-Loisir-1.jpg 1388w\" sizes=\"(max-width: 365px) 100vw, 365px\" \/><\/figure><\/div>\n\n\n\n<div class=\"wp-block-image\"><figure class=\"aligncenter is-resized\"><img loading=\"lazy\" decoding=\"async\" src=\"https:\/\/migennesrugby.fr\/wp-content\/uploads\/2019\/04\/5-1.jpg\" alt=\"\" class=\"wp-image-4603\" width=\"581\" height=\"351\" srcset=\"https:\/\/migennesrugby.fr\/wp-content\/uploads\/2019\/04\/5-1.jpg 775w, https:\/\/migennesrugby.fr\/wp-content\/uploads\/2019\/04\/5-1-300x181.jpg 300w, https:\/\/migennesrugby.fr\/wp-content\/uploads\/2019\/04\/5-1-768x464.jpg 768w\" sizes=\"(max-width: 581px) 100vw, 581px\" \/><\/figure><\/div>\n\n\n\n<div class=\"wp-block-image\"><figure class=\"aligncenter\"><img loading=\"lazy\" decoding=\"async\" width=\"775\" height=\"120\" src=\"https:\/\/migennesrugby.fr\/wp-content\/uploads\/2019\/03\/3.jpg\" alt=\"\" class=\"wp-image-4528\" srcset=\"https:\/\/migennesrugby.fr\/wp-content\/uploads\/2019\/03\/3.jpg 775w, https:\/\/migennesrugby.fr\/wp-content\/uploads\/2019\/03\/3-300x46.jpg 300w, https:\/\/migennesrugby.fr\/wp-content\/uploads\/2019\/03\/3-768x119.jpg 768w\" sizes=\"(max-width: 775px) 100vw, 775px\" \/><\/figure><\/div>\n\n\n\n<div class=\"wp-block-image\"><figure class=\"aligncenter is-resized\"><img loading=\"lazy\" decoding=\"async\" src=\"https:\/\/migennesrugby.fr\/wp-content\/uploads\/2018\/12\/7.1.jpg\" alt=\"\" class=\"wp-image-4223\" width=\"579\" height=\"224\" srcset=\"https:\/\/migennesrugby.fr\/wp-content\/uploads\/2018\/12\/7.1.jpg 772w, https:\/\/migennesrugby.fr\/wp-content\/uploads\/2018\/12\/7.1-300x116.jpg 300w, https:\/\/migennesrugby.fr\/wp-content\/uploads\/2018\/12\/7.1-768x296.jpg 768w\" sizes=\"(max-width: 579px) 100vw, 579px\" \/><\/figure><\/div>\n\n\n\n<div class=\"wp-block-image\"><figure class=\"aligncenter is-resized\"><img loading=\"lazy\" decoding=\"async\" src=\"https:\/\/migennesrugby.fr\/wp-content\/uploads\/2018\/10\/7.jpg\" alt=\"\" class=\"wp-image-4015\" width=\"593\" height=\"361\" srcset=\"https:\/\/migennesrugby.fr\/wp-content\/uploads\/2018\/10\/7.jpg 791w, https:\/\/migennesrugby.fr\/wp-content\/uploads\/2018\/10\/7-300x182.jpg 300w, https:\/\/migennesrugby.fr\/wp-content\/uploads\/2018\/10\/7-768x467.jpg 768w\" sizes=\"(max-width: 593px) 100vw, 593px\" \/><\/figure><\/div>\n\n\n\n<div class=\"wp-block-image\"><figure class=\"aligncenter is-resized\"><img loading=\"lazy\" decoding=\"async\" src=\"https:\/\/migennesrugby.fr\/wp-content\/uploads\/2018\/10\/6.jpg\" alt=\"\" class=\"wp-image-4014\" width=\"593\" height=\"461\" srcset=\"https:\/\/migennesrugby.fr\/wp-content\/uploads\/2018\/10\/6.jpg 790w, https:\/\/migennesrugby.fr\/wp-content\/uploads\/2018\/10\/6-300x233.jpg 300w, https:\/\/migennesrugby.fr\/wp-content\/uploads\/2018\/10\/6-768x597.jpg 768w\" sizes=\"(max-width: 593px) 100vw, 593px\" \/><\/figure><\/div>\n\n\n<div>\n<div>\n<h3>Rugby \u00e0 &#8220;toucher&#8221; ou le jeu du rugby sans le contact. De fait, cette section est ouverte \u00e0 tous, de 12 \u00e0 99 ans et les \u00e9quipes sont mixtes!<\/h3>\n<h2>Venez nombreux d\u00e9couvrir cette discipline loisir, seul ou en famille!<\/h2>\n<\/div>\n<p>Les entrainements ont lieu le vendredi soir, de 18h30 \u00e0 20h.<\/p>\n<\/div>\n<p>Pour tous renseignements : Mathilde&nbsp;<a href=\"tel:06%2076%2017%2088%2010\" target=\"_blank\" rel=\"noopener noreferrer\">06.76.17.88.10<\/a>.<\/p>\n\n\n<p><\/p>\n","protected":false},"excerpt":{"rendered":"<p>Retro saison 2018-2019 Rugby \u00e0 &#8220;toucher&#8221; ou le jeu du rugby sans le contact. De fait, cette section est ouverte \u00e0 tous, de 12 \u00e0 99 ans et les \u00e9quipes sont mixtes! Venez nombreux d\u00e9couvrir cette discipline loisir, seul ou &hellip; <a href=\"https:\/\/migennesrugby.fr\/?page_id=2798\">Continuer la lecture <span class=\"meta-nav\">&rarr;<\/span><\/a><\/p>\n","protected":false},"author":8,"featured_media":0,"parent":2793,"menu_order":2,"comment_status":"closed","ping_status":"open","template":"","meta":{"advgb_blocks_editor_width":"","advgb_blocks_columns_visual_guide":"","footnotes":""},"class_list":["post-2798","page","type-page","status-publish","hentry"],"uagb_featured_image_src":{"full":false,"thumbnail":false,"medium":false,"medium_large":false,"large":false,"1536x1536":false,"2048x2048":false,"wptouch-new-thumbnail":false,"post-thumbnail":false},"uagb_author_info":{"display_name":"Patrice","author_link":"https:\/\/migennesrugby.fr\/?author=8"},"uagb_comment_info":0,"uagb_excerpt":"Retro saison 2018-2019 Rugby \u00e0 &#8220;toucher&#8221; ou le jeu du rugby sans le contact. De fait, cette section est ouverte \u00e0 tous, de 12 \u00e0 99 ans et les \u00e9quipes sont mixtes! Venez nombreux d\u00e9couvrir cette discipline loisir, seul ou &hellip; Continuer la lecture &rarr;","coauthors":[],"author_meta":{"author_link":"https:\/\/migennesrugby.fr\/?author=8","display_name":"Patrice"},"relative_dates":{"created":"Publi\u00e9 10 ans il y a","modified":"Mis \u00e0 jour 4 ans il y a"},"absolute_dates":{"created":"Publi\u00e9 le 15 septembre 2016","modified":"Mise \u00e0 jour le 10 novembre 2021"},"absolute_dates_time":{"created":"Publi\u00e9 le 15 septembre 2016 17 h 04 min","modified":"Mise \u00e0 jour le 10 novembre 2021 17 h 25 min"},"featured_img_caption":"","featured_img":false,"series_order":"","_links":{"self":[{"href":"https:\/\/migennesrugby.fr\/index.php?rest_route=\/wp\/v2\/pages\/2798"}],"collection":[{"href":"https:\/\/migennesrugby.fr\/index.php?rest_route=\/wp\/v2\/pages"}],"about":[{"href":"https:\/\/migennesrugby.fr\/index.php?rest_route=\/wp\/v2\/types\/page"}],"author":[{"embeddable":true,"href":"https:\/\/migennesrugby.fr\/index.php?rest_route=\/wp\/v2\/users\/8"}],"replies":[{"embeddable":true,"href":"https:\/\/migennesrugby.fr\/index.php?rest_route=%2Fwp%2Fv2%2Fcomments&post=2798"}],"version-history":[{"count":27,"href":"https:\/\/migennesrugby.fr\/index.php?rest_route=\/wp\/v2\/pages\/2798\/revisions"}],"predecessor-version":[{"id":7001,"href":"https:\/\/migennesrugby.fr\/index.php?rest_route=\/wp\/v2\/pages\/2798\/revisions\/7001"}],"up":[{"embeddable":true,"href":"https:\/\/migennesrugby.fr\/index.php?rest_route=\/wp\/v2\/pages\/2793"}],"wp:attachment":[{"href":"https:\/\/migennesrugby.fr\/index.php?rest_route=%2Fwp%2Fv2%2Fmedia&parent=2798"}],"curies":[{"name":"wp","href":"https:\/\/api.w.org\/{rel}","templated":true}]}}