{"id":2908,"date":"2016-09-29T19:04:11","date_gmt":"2016-09-29T18:04:11","guid":{"rendered":"http:\/\/migennesrugby.fr\/?page_id=2908"},"modified":"2018-01-17T20:17:13","modified_gmt":"2018-01-17T19:17:13","slug":"tournoi-2017","status":"publish","type":"page","link":"https:\/\/migennesrugby.fr\/?page_id=2908","title":{"rendered":"Tournoi 2017"},"content":{"rendered":"<p>&nbsp;<\/p>\n<p><a href=\"https:\/\/migennesrugby.fr\/wp-content\/uploads\/2017\/11\/Dossier-visiteur-2017.doc\"><img loading=\"lazy\" decoding=\"async\" class=\"alignnone size-full wp-image-3143\" src=\"https:\/\/migennesrugby.fr\/wp-content\/uploads\/2017\/06\/Classement-2017.jpg\" alt=\"Classement 2017\" width=\"1024\" height=\"1243\" srcset=\"https:\/\/migennesrugby.fr\/wp-content\/uploads\/2017\/06\/Classement-2017.jpg 1024w, https:\/\/migennesrugby.fr\/wp-content\/uploads\/2017\/06\/Classement-2017-247x300.jpg 247w, https:\/\/migennesrugby.fr\/wp-content\/uploads\/2017\/06\/Classement-2017-844x1024.jpg 844w, https:\/\/migennesrugby.fr\/wp-content\/uploads\/2017\/06\/Classement-2017-900x1092.jpg 900w\" sizes=\"(max-width: 1024px) 100vw, 1024px\" \/><\/a><\/p>\n","protected":false},"excerpt":{"rendered":"<p>&nbsp;<\/p>\n","protected":false},"author":8,"featured_media":0,"parent":778,"menu_order":0,"comment_status":"closed","ping_status":"open","template":"","meta":{"advgb_blocks_editor_width":"","advgb_blocks_columns_visual_guide":"","footnotes":""},"class_list":["post-2908","page","type-page","status-publish","hentry"],"uagb_featured_image_src":{"full":false,"thumbnail":false,"medium":false,"medium_large":false,"large":false,"1536x1536":false,"2048x2048":false,"wptouch-new-thumbnail":false,"post-thumbnail":false},"uagb_author_info":{"display_name":"Patrice","author_link":"https:\/\/migennesrugby.fr\/?author=8"},"uagb_comment_info":0,"uagb_excerpt":"&nbsp;","coauthors":[],"author_meta":{"author_link":"https:\/\/migennesrugby.fr\/?author=8","display_name":"Patrice"},"relative_dates":{"created":"Publi\u00e9 10 ans il y a","modified":"Mis \u00e0 jour 8 ans il y a"},"absolute_dates":{"created":"Publi\u00e9 le 29 septembre 2016","modified":"Mise \u00e0 jour le 17 janvier 2018"},"absolute_dates_time":{"created":"Publi\u00e9 le 29 septembre 2016 19 h 04 min","modified":"Mise \u00e0 jour le 17 janvier 2018 20 h 17 min"},"featured_img_caption":"","featured_img":false,"series_order":"","_links":{"self":[{"href":"https:\/\/migennesrugby.fr\/index.php?rest_route=\/wp\/v2\/pages\/2908"}],"collection":[{"href":"https:\/\/migennesrugby.fr\/index.php?rest_route=\/wp\/v2\/pages"}],"about":[{"href":"https:\/\/migennesrugby.fr\/index.php?rest_route=\/wp\/v2\/types\/page"}],"author":[{"embeddable":true,"href":"https:\/\/migennesrugby.fr\/index.php?rest_route=\/wp\/v2\/users\/8"}],"replies":[{"embeddable":true,"href":"https:\/\/migennesrugby.fr\/index.php?rest_route=%2Fwp%2Fv2%2Fcomments&post=2908"}],"version-history":[{"count":10,"href":"https:\/\/migennesrugby.fr\/index.php?rest_route=\/wp\/v2\/pages\/2908\/revisions"}],"predecessor-version":[{"id":3524,"href":"https:\/\/migennesrugby.fr\/index.php?rest_route=\/wp\/v2\/pages\/2908\/revisions\/3524"}],"up":[{"embeddable":true,"href":"https:\/\/migennesrugby.fr\/index.php?rest_route=\/wp\/v2\/pages\/778"}],"wp:attachment":[{"href":"https:\/\/migennesrugby.fr\/index.php?rest_route=%2Fwp%2Fv2%2Fmedia&parent=2908"}],"curies":[{"name":"wp","href":"https:\/\/api.w.org\/{rel}","templated":true}]}}