{"id":326,"date":"2014-02-17T00:42:03","date_gmt":"2014-02-16T23:42:03","guid":{"rendered":"http:\/\/migennesrugby.fr\/?page_id=326"},"modified":"2021-02-08T11:00:26","modified_gmt":"2021-02-08T10:00:26","slug":"club-quinze","status":"publish","type":"page","link":"https:\/\/migennesrugby.fr\/?page_id=326","title":{"rendered":"Nos partenaires pr\u00e9sents dans la plaquette"},"content":{"rendered":"\n<div class=\"wp-block-image\"><figure class=\"aligncenter size-large\"><img loading=\"lazy\" decoding=\"async\" width=\"600\" height=\"502\" src=\"https:\/\/migennesrugby.fr\/wp-content\/uploads\/2021\/01\/Parc-de-jeu-pour-enfants-600x502.png\" alt=\"\" class=\"wp-image-6254\" srcset=\"https:\/\/migennesrugby.fr\/wp-content\/uploads\/2021\/01\/Parc-de-jeu-pour-enfants-600x502.png 600w, https:\/\/migennesrugby.fr\/wp-content\/uploads\/2021\/01\/Parc-de-jeu-pour-enfants.png 680w\" sizes=\"(max-width: 600px) 100vw, 600px\" \/><\/figure><\/div>\n\n\n\n<div class=\"wp-block-image\"><figure class=\"aligncenter size-medium\"><a href=\"https:\/\/migennesrugby.fr\/?attachment_id=5456\"><img loading=\"lazy\" decoding=\"async\" width=\"300\" height=\"207\" src=\"https:\/\/migennesrugby.fr\/wp-content\/uploads\/2020\/03\/image32-300x207.jpeg\" alt=\"\" class=\"wp-image-5456\" srcset=\"https:\/\/migennesrugby.fr\/wp-content\/uploads\/2020\/03\/image32-300x207.jpeg 300w, https:\/\/migennesrugby.fr\/wp-content\/uploads\/2020\/03\/image32.jpeg 675w\" sizes=\"(max-width: 300px) 100vw, 300px\" \/><\/a><\/figure><\/div>\n\n\n\n<div class=\"wp-block-image\"><figure class=\"alignleft size-large\"><a href=\"https:\/\/migennesrugby.fr\/?attachment_id=5457\"><img loading=\"lazy\" decoding=\"async\" width=\"282\" height=\"234\" src=\"https:\/\/migennesrugby.fr\/wp-content\/uploads\/2020\/03\/image33.jpeg\" alt=\"\" class=\"wp-image-5457\"\/><\/a><\/figure><\/div>\n\n\n\n<div class=\"wp-block-image\"><figure class=\"aligncenter size-medium\"><a href=\"https:\/\/migennesrugby.fr\/?attachment_id=5458\"><img loading=\"lazy\" decoding=\"async\" width=\"300\" height=\"201\" src=\"https:\/\/migennesrugby.fr\/wp-content\/uploads\/2020\/03\/image34-300x201.jpeg\" alt=\"\" class=\"wp-image-5458\" srcset=\"https:\/\/migennesrugby.fr\/wp-content\/uploads\/2020\/03\/image34-300x201.jpeg 300w, https:\/\/migennesrugby.fr\/wp-content\/uploads\/2020\/03\/image34-768x514.jpeg 768w, https:\/\/migennesrugby.fr\/wp-content\/uploads\/2020\/03\/image34.jpeg 775w\" sizes=\"(max-width: 300px) 100vw, 300px\" \/><\/a><\/figure><\/div>\n\n\n\n<div class=\"wp-block-image\"><figure class=\"alignright size-medium\"><a href=\"https:\/\/migennesrugby.fr\/?attachment_id=5459\"><img loading=\"lazy\" decoding=\"async\" width=\"300\" height=\"100\" src=\"https:\/\/migennesrugby.fr\/wp-content\/uploads\/2020\/03\/image40-300x100.jpeg\" alt=\"\" class=\"wp-image-5459\" srcset=\"https:\/\/migennesrugby.fr\/wp-content\/uploads\/2020\/03\/image40-300x100.jpeg 300w, https:\/\/migennesrugby.fr\/wp-content\/uploads\/2020\/03\/image40-1024x340.jpeg 1024w, https:\/\/migennesrugby.fr\/wp-content\/uploads\/2020\/03\/image40-768x255.jpeg 768w, https:\/\/migennesrugby.fr\/wp-content\/uploads\/2020\/03\/image40.jpeg 1212w\" sizes=\"(max-width: 300px) 100vw, 300px\" \/><\/a><\/figure><\/div>\n\n\n\n<div class=\"wp-block-image\"><figure class=\"aligncenter size-medium\"><a href=\"https:\/\/migennesrugby.fr\/?attachment_id=5460\"><img loading=\"lazy\" decoding=\"async\" width=\"300\" height=\"146\" src=\"https:\/\/migennesrugby.fr\/wp-content\/uploads\/2020\/03\/image41-300x146.jpeg\" alt=\"\" class=\"wp-image-5460\" srcset=\"https:\/\/migennesrugby.fr\/wp-content\/uploads\/2020\/03\/image41-300x146.jpeg 300w, https:\/\/migennesrugby.fr\/wp-content\/uploads\/2020\/03\/image41.jpeg 513w\" sizes=\"(max-width: 300px) 100vw, 300px\" \/><\/a><\/figure><\/div>\n\n\n\n<div class=\"wp-block-image\"><figure class=\"alignleft size-medium\"><a href=\"https:\/\/migennesrugby.fr\/?attachment_id=5461\"><img loading=\"lazy\" decoding=\"async\" width=\"300\" height=\"181\" src=\"https:\/\/migennesrugby.fr\/wp-content\/uploads\/2020\/03\/image42-300x181.jpeg\" alt=\"\" class=\"wp-image-5461\" srcset=\"https:\/\/migennesrugby.fr\/wp-content\/uploads\/2020\/03\/image42-300x181.jpeg 300w, https:\/\/migennesrugby.fr\/wp-content\/uploads\/2020\/03\/image42-1024x618.jpeg 1024w, https:\/\/migennesrugby.fr\/wp-content\/uploads\/2020\/03\/image42-768x463.jpeg 768w, https:\/\/migennesrugby.fr\/wp-content\/uploads\/2020\/03\/image42.jpeg 1029w\" sizes=\"(max-width: 300px) 100vw, 300px\" \/><\/a><\/figure><\/div>\n\n\n\n<div class=\"wp-block-image\"><figure class=\"aligncenter size-medium\"><a href=\"https:\/\/migennesrugby.fr\/?attachment_id=5462\"><img loading=\"lazy\" decoding=\"async\" width=\"300\" height=\"155\" src=\"https:\/\/migennesrugby.fr\/wp-content\/uploads\/2020\/03\/image47-300x155.jpeg\" alt=\"\" class=\"wp-image-5462\" srcset=\"https:\/\/migennesrugby.fr\/wp-content\/uploads\/2020\/03\/image47-300x155.jpeg 300w, https:\/\/migennesrugby.fr\/wp-content\/uploads\/2020\/03\/image47-1024x531.jpeg 1024w, https:\/\/migennesrugby.fr\/wp-content\/uploads\/2020\/03\/image47-768x398.jpeg 768w, https:\/\/migennesrugby.fr\/wp-content\/uploads\/2020\/03\/image47.jpeg 1177w\" sizes=\"(max-width: 300px) 100vw, 300px\" \/><\/a><\/figure><\/div>\n\n\n\n<div class=\"wp-block-image\"><figure class=\"alignright size-medium\"><a href=\"https:\/\/migennesrugby.fr\/?attachment_id=5463\"><img loading=\"lazy\" decoding=\"async\" width=\"300\" height=\"258\" src=\"https:\/\/migennesrugby.fr\/wp-content\/uploads\/2020\/03\/image49-300x258.jpeg\" alt=\"\" class=\"wp-image-5463\" srcset=\"https:\/\/migennesrugby.fr\/wp-content\/uploads\/2020\/03\/image49-300x258.jpeg 300w, https:\/\/migennesrugby.fr\/wp-content\/uploads\/2020\/03\/image49.jpeg 542w\" sizes=\"(max-width: 300px) 100vw, 300px\" \/><\/a><\/figure><\/div>\n\n\n\n<div class=\"wp-block-image\"><figure class=\"aligncenter size-medium\"><a href=\"https:\/\/migennesrugby.fr\/?attachment_id=5464\"><img loading=\"lazy\" decoding=\"async\" width=\"300\" height=\"238\" src=\"https:\/\/migennesrugby.fr\/wp-content\/uploads\/2020\/03\/image50-300x238.jpeg\" alt=\"\" class=\"wp-image-5464\" srcset=\"https:\/\/migennesrugby.fr\/wp-content\/uploads\/2020\/03\/image50-300x238.jpeg 300w, https:\/\/migennesrugby.fr\/wp-content\/uploads\/2020\/03\/image50.jpeg 728w\" sizes=\"(max-width: 300px) 100vw, 300px\" \/><\/a><\/figure><\/div>\n\n\n\n<div class=\"wp-block-image\"><figure class=\"alignleft size-medium\"><a href=\"https:\/\/migennesrugby.fr\/?attachment_id=5465\"><img loading=\"lazy\" decoding=\"async\" width=\"300\" height=\"234\" src=\"https:\/\/migennesrugby.fr\/wp-content\/uploads\/2020\/03\/image57-300x234.jpeg\" alt=\"\" class=\"wp-image-5465\" srcset=\"https:\/\/migennesrugby.fr\/wp-content\/uploads\/2020\/03\/image57-300x234.jpeg 300w, https:\/\/migennesrugby.fr\/wp-content\/uploads\/2020\/03\/image57.jpeg 384w\" sizes=\"(max-width: 300px) 100vw, 300px\" \/><\/a><\/figure><\/div>\n\n\n\n<div class=\"wp-block-image\"><figure class=\"aligncenter size-medium\"><a href=\"https:\/\/migennesrugby.fr\/?attachment_id=5466\"><img loading=\"lazy\" decoding=\"async\" width=\"300\" height=\"191\" src=\"https:\/\/migennesrugby.fr\/wp-content\/uploads\/2020\/03\/image58-300x191.jpeg\" alt=\"\" class=\"wp-image-5466\" srcset=\"https:\/\/migennesrugby.fr\/wp-content\/uploads\/2020\/03\/image58-300x191.jpeg 300w, https:\/\/migennesrugby.fr\/wp-content\/uploads\/2020\/03\/image58.jpeg 665w\" sizes=\"(max-width: 300px) 100vw, 300px\" \/><\/a><\/figure><\/div>\n\n\n\n<div class=\"wp-block-image\"><figure class=\"alignright size-medium\"><a href=\"https:\/\/migennesrugby.fr\/?attachment_id=5486\"><img loading=\"lazy\" decoding=\"async\" width=\"300\" height=\"188\" src=\"https:\/\/migennesrugby.fr\/wp-content\/uploads\/2020\/03\/Sartou-2-300x188.jpg\" alt=\"\" class=\"wp-image-5486\" srcset=\"https:\/\/migennesrugby.fr\/wp-content\/uploads\/2020\/03\/Sartou-2-300x188.jpg 300w, https:\/\/migennesrugby.fr\/wp-content\/uploads\/2020\/03\/Sartou-2-1024x640.jpg 1024w, https:\/\/migennesrugby.fr\/wp-content\/uploads\/2020\/03\/Sartou-2-768x480.jpg 768w, https:\/\/migennesrugby.fr\/wp-content\/uploads\/2020\/03\/Sartou-2-1536x960.jpg 1536w, https:\/\/migennesrugby.fr\/wp-content\/uploads\/2020\/03\/Sartou-2.jpg 1920w\" sizes=\"(max-width: 300px) 100vw, 300px\" \/><\/a><\/figure><\/div>\n\n\n\n<div class=\"wp-block-image\"><figure class=\"aligncenter size-medium\"><a href=\"https:\/\/migennesrugby.fr\/?attachment_id=5468\"><img loading=\"lazy\" decoding=\"async\" width=\"199\" height=\"300\" src=\"https:\/\/migennesrugby.fr\/wp-content\/uploads\/2020\/03\/image68-199x300.jpeg\" alt=\"\" class=\"wp-image-5468\" srcset=\"https:\/\/migennesrugby.fr\/wp-content\/uploads\/2020\/03\/image68-199x300.jpeg 199w, https:\/\/migennesrugby.fr\/wp-content\/uploads\/2020\/03\/image68.jpeg 474w\" sizes=\"(max-width: 199px) 100vw, 199px\" \/><\/a><\/figure><\/div>\n\n\n\n<div class=\"wp-block-image\"><figure class=\"alignleft size-medium\"><a href=\"https:\/\/migennesrugby.fr\/?attachment_id=5469\"><img loading=\"lazy\" decoding=\"async\" width=\"300\" height=\"186\" src=\"https:\/\/migennesrugby.fr\/wp-content\/uploads\/2020\/03\/image69-300x186.jpeg\" alt=\"\" class=\"wp-image-5469\" srcset=\"https:\/\/migennesrugby.fr\/wp-content\/uploads\/2020\/03\/image69-300x186.jpeg 300w, https:\/\/migennesrugby.fr\/wp-content\/uploads\/2020\/03\/image69.jpeg 728w\" sizes=\"(max-width: 300px) 100vw, 300px\" \/><\/a><\/figure><\/div>\n\n\n\n<div class=\"wp-block-image\"><figure class=\"alignright size-medium\"><a href=\"https:\/\/migennesrugby.fr\/?attachment_id=5470\"><img loading=\"lazy\" decoding=\"async\" width=\"300\" height=\"225\" src=\"https:\/\/migennesrugby.fr\/wp-content\/uploads\/2020\/03\/image70-300x225.jpeg\" alt=\"\" class=\"wp-image-5470\" srcset=\"https:\/\/migennesrugby.fr\/wp-content\/uploads\/2020\/03\/image70-300x225.jpeg 300w, https:\/\/migennesrugby.fr\/wp-content\/uploads\/2020\/03\/image70-1024x769.jpeg 1024w, https:\/\/migennesrugby.fr\/wp-content\/uploads\/2020\/03\/image70-768x576.jpeg 768w, https:\/\/migennesrugby.fr\/wp-content\/uploads\/2020\/03\/image70.jpeg 1339w\" sizes=\"(max-width: 300px) 100vw, 300px\" \/><\/a><\/figure><\/div>\n\n\n\n<div class=\"wp-block-image\"><figure class=\"aligncenter size-medium\"><a href=\"https:\/\/migennesrugby.fr\/?attachment_id=5471\"><img loading=\"lazy\" decoding=\"async\" width=\"300\" height=\"190\" src=\"https:\/\/migennesrugby.fr\/wp-content\/uploads\/2020\/03\/image77-300x190.jpeg\" alt=\"\" class=\"wp-image-5471\" srcset=\"https:\/\/migennesrugby.fr\/wp-content\/uploads\/2020\/03\/image77-300x190.jpeg 300w, https:\/\/migennesrugby.fr\/wp-content\/uploads\/2020\/03\/image77.jpeg 762w\" sizes=\"(max-width: 300px) 100vw, 300px\" \/><\/a><\/figure><\/div>\n\n\n\n<div class=\"wp-block-image\"><figure class=\"alignleft size-medium\"><a href=\"https:\/\/migennesrugby.fr\/?attachment_id=5472\"><img loading=\"lazy\" decoding=\"async\" width=\"300\" height=\"186\" src=\"https:\/\/migennesrugby.fr\/wp-content\/uploads\/2020\/03\/image78-300x186.jpeg\" alt=\"\" class=\"wp-image-5472\" srcset=\"https:\/\/migennesrugby.fr\/wp-content\/uploads\/2020\/03\/image78-300x186.jpeg 300w, https:\/\/migennesrugby.fr\/wp-content\/uploads\/2020\/03\/image78-1024x635.jpeg 1024w, https:\/\/migennesrugby.fr\/wp-content\/uploads\/2020\/03\/image78-768x476.jpeg 768w, https:\/\/migennesrugby.fr\/wp-content\/uploads\/2020\/03\/image78.jpeg 1134w\" sizes=\"(max-width: 300px) 100vw, 300px\" \/><\/a><\/figure><\/div>\n\n\n\n<div class=\"wp-block-image\"><figure class=\"alignright size-medium\"><a href=\"https:\/\/migennesrugby.fr\/?attachment_id=5473\"><img loading=\"lazy\" decoding=\"async\" width=\"300\" height=\"194\" src=\"https:\/\/migennesrugby.fr\/wp-content\/uploads\/2020\/03\/image80-300x194.jpeg\" alt=\"\" class=\"wp-image-5473\" srcset=\"https:\/\/migennesrugby.fr\/wp-content\/uploads\/2020\/03\/image80-300x194.jpeg 300w, https:\/\/migennesrugby.fr\/wp-content\/uploads\/2020\/03\/image80.jpeg 549w\" sizes=\"(max-width: 300px) 100vw, 300px\" \/><\/a><\/figure><\/div>\n\n\n\n<div class=\"wp-block-image\"><figure class=\"aligncenter size-medium\"><a href=\"https:\/\/migennesrugby.fr\/?attachment_id=5475\"><img loading=\"lazy\" decoding=\"async\" width=\"300\" height=\"152\" src=\"https:\/\/migennesrugby.fr\/wp-content\/uploads\/2020\/03\/Kiwanis-300x152.jpg\" alt=\"\" class=\"wp-image-5475\" srcset=\"https:\/\/migennesrugby.fr\/wp-content\/uploads\/2020\/03\/Kiwanis-300x152.jpg 300w, https:\/\/migennesrugby.fr\/wp-content\/uploads\/2020\/03\/Kiwanis-1024x520.jpg 1024w, https:\/\/migennesrugby.fr\/wp-content\/uploads\/2020\/03\/Kiwanis-768x390.jpg 768w, https:\/\/migennesrugby.fr\/wp-content\/uploads\/2020\/03\/Kiwanis-1536x780.jpg 1536w, https:\/\/migennesrugby.fr\/wp-content\/uploads\/2020\/03\/Kiwanis.jpg 1772w\" sizes=\"(max-width: 300px) 100vw, 300px\" \/><\/a><\/figure><\/div>\n\n\n\n<figure class=\"wp-block-image size-medium\"><a href=\"https:\/\/migennesrugby.fr\/?attachment_id=5474\"><img loading=\"lazy\" decoding=\"async\" width=\"300\" height=\"211\" src=\"https:\/\/migennesrugby.fr\/wp-content\/uploads\/2020\/03\/image83-300x211.jpeg\" alt=\"\" class=\"wp-image-5474\" srcset=\"https:\/\/migennesrugby.fr\/wp-content\/uploads\/2020\/03\/image83-300x211.jpeg 300w, https:\/\/migennesrugby.fr\/wp-content\/uploads\/2020\/03\/image83-768x540.jpeg 768w, https:\/\/migennesrugby.fr\/wp-content\/uploads\/2020\/03\/image83.jpeg 903w\" sizes=\"(max-width: 300px) 100vw, 300px\" \/><\/a><\/figure>\n\n\n\n<p class=\"has-text-align-center has-text-color has-large-font-size\" style=\"color:#fb010d\">D\u00e9couvrir nos contrats de partenariat,<\/p>\n\n\n\n<p class=\"has-text-align-center has-text-color has-large-font-size\" style=\"color:#fc020a\"><span class=\"has-inline-color has-blue-color\"><\/span>et devenir partenaire, <\/p>\n\n\n\n<p class=\"has-text-align-center has-text-color has-large-font-size\" style=\"color:#fe060a\">rendez-vous dans l&#8217;onglet Partenariat&#8230;<\/p>\n","protected":false},"excerpt":{"rendered":"<p>D\u00e9couvrir nos contrats de partenariat, et devenir partenaire, rendez-vous dans l&#8217;onglet Partenariat&#8230;<\/p>\n","protected":false},"author":10,"featured_media":0,"parent":91,"menu_order":2,"comment_status":"closed","ping_status":"closed","template":"","meta":{"advgb_blocks_editor_width":"","advgb_blocks_columns_visual_guide":"","footnotes":""},"class_list":["post-326","page","type-page","status-publish","hentry"],"uagb_featured_image_src":{"full":false,"thumbnail":false,"medium":false,"medium_large":false,"large":false,"1536x1536":false,"2048x2048":false,"wptouch-new-thumbnail":false,"post-thumbnail":false},"uagb_author_info":{"display_name":"Luc Gorce","author_link":"https:\/\/migennesrugby.fr\/?author=10"},"uagb_comment_info":0,"uagb_excerpt":"D\u00e9couvrir nos contrats de partenariat, et devenir partenaire, rendez-vous dans l&#8217;onglet Partenariat&#8230;","coauthors":[],"author_meta":{"author_link":"https:\/\/migennesrugby.fr\/?author=10","display_name":"Luc Gorce"},"relative_dates":{"created":"Publi\u00e9 12 ans il y a","modified":"Mis \u00e0 jour 5 ans il y a"},"absolute_dates":{"created":"Publi\u00e9 le 17 f\u00e9vrier 2014","modified":"Mise \u00e0 jour le 8 f\u00e9vrier 2021"},"absolute_dates_time":{"created":"Publi\u00e9 le 17 f\u00e9vrier 2014 0 h 42 min","modified":"Mise \u00e0 jour le 8 f\u00e9vrier 2021 11 h 00 min"},"featured_img_caption":"","featured_img":false,"series_order":"","_links":{"self":[{"href":"https:\/\/migennesrugby.fr\/index.php?rest_route=\/wp\/v2\/pages\/326"}],"collection":[{"href":"https:\/\/migennesrugby.fr\/index.php?rest_route=\/wp\/v2\/pages"}],"about":[{"href":"https:\/\/migennesrugby.fr\/index.php?rest_route=\/wp\/v2\/types\/page"}],"author":[{"embeddable":true,"href":"https:\/\/migennesrugby.fr\/index.php?rest_route=\/wp\/v2\/users\/10"}],"replies":[{"embeddable":true,"href":"https:\/\/migennesrugby.fr\/index.php?rest_route=%2Fwp%2Fv2%2Fcomments&post=326"}],"version-history":[{"count":86,"href":"https:\/\/migennesrugby.fr\/index.php?rest_route=\/wp\/v2\/pages\/326\/revisions"}],"predecessor-version":[{"id":6373,"href":"https:\/\/migennesrugby.fr\/index.php?rest_route=\/wp\/v2\/pages\/326\/revisions\/6373"}],"up":[{"embeddable":true,"href":"https:\/\/migennesrugby.fr\/index.php?rest_route=\/wp\/v2\/pages\/91"}],"wp:attachment":[{"href":"https:\/\/migennesrugby.fr\/index.php?rest_route=%2Fwp%2Fv2%2Fmedia&parent=326"}],"curies":[{"name":"wp","href":"https:\/\/api.w.org\/{rel}","templated":true}]}}