{"id":5864,"date":"2020-08-27T17:29:20","date_gmt":"2020-08-27T16:29:20","guid":{"rendered":"http:\/\/migennesrugby.fr\/?page_id=5864"},"modified":"2020-08-27T17:36:18","modified_gmt":"2020-08-27T16:36:18","slug":"rencontres","status":"publish","type":"page","link":"https:\/\/migennesrugby.fr\/?page_id=5864","title":{"rendered":"Rencontres"},"content":{"rendered":"\n<p><strong><span class=\"has-inline-color has-blue-color\">Dimanche 20 Septembre <\/span><\/strong>: R\u00e9ception de Chambertin Olympique dans le cadre du championnat territorial Promotion d&#8217;honneur<\/p>\n","protected":false},"excerpt":{"rendered":"<p>Dimanche 20 Septembre : R\u00e9ception de Chambertin Olympique dans le cadre du championnat territorial Promotion d&#8217;honneur<\/p>\n","protected":false},"author":8,"featured_media":0,"parent":0,"menu_order":0,"comment_status":"closed","ping_status":"closed","template":"","meta":{"advgb_blocks_editor_width":"","advgb_blocks_columns_visual_guide":"","footnotes":""},"class_list":["post-5864","page","type-page","status-publish","hentry"],"uagb_featured_image_src":{"full":false,"thumbnail":false,"medium":false,"medium_large":false,"large":false,"1536x1536":false,"2048x2048":false,"wptouch-new-thumbnail":false,"post-thumbnail":false},"uagb_author_info":{"display_name":"Patrice","author_link":"https:\/\/migennesrugby.fr\/?author=8"},"uagb_comment_info":0,"uagb_excerpt":"Dimanche 20 Septembre : R\u00e9ception de Chambertin Olympique dans le cadre du championnat territorial Promotion d&#8217;honneur","coauthors":[],"author_meta":{"author_link":"https:\/\/migennesrugby.fr\/?author=8","display_name":"Patrice"},"relative_dates":{"created":"Publi\u00e9 6 ans il y a","modified":"Mis \u00e0 jour 6 ans il y a"},"absolute_dates":{"created":"Publi\u00e9 le 27 ao\u00fbt 2020","modified":"Mise \u00e0 jour le 27 ao\u00fbt 2020"},"absolute_dates_time":{"created":"Publi\u00e9 le 27 ao\u00fbt 2020 17 h 29 min","modified":"Mise \u00e0 jour le 27 ao\u00fbt 2020 17 h 36 min"},"featured_img_caption":"","featured_img":false,"series_order":"","_links":{"self":[{"href":"https:\/\/migennesrugby.fr\/index.php?rest_route=\/wp\/v2\/pages\/5864"}],"collection":[{"href":"https:\/\/migennesrugby.fr\/index.php?rest_route=\/wp\/v2\/pages"}],"about":[{"href":"https:\/\/migennesrugby.fr\/index.php?rest_route=\/wp\/v2\/types\/page"}],"author":[{"embeddable":true,"href":"https:\/\/migennesrugby.fr\/index.php?rest_route=\/wp\/v2\/users\/8"}],"replies":[{"embeddable":true,"href":"https:\/\/migennesrugby.fr\/index.php?rest_route=%2Fwp%2Fv2%2Fcomments&post=5864"}],"version-history":[{"count":2,"href":"https:\/\/migennesrugby.fr\/index.php?rest_route=\/wp\/v2\/pages\/5864\/revisions"}],"predecessor-version":[{"id":5868,"href":"https:\/\/migennesrugby.fr\/index.php?rest_route=\/wp\/v2\/pages\/5864\/revisions\/5868"}],"wp:attachment":[{"href":"https:\/\/migennesrugby.fr\/index.php?rest_route=%2Fwp%2Fv2%2Fmedia&parent=5864"}],"curies":[{"name":"wp","href":"https:\/\/api.w.org\/{rel}","templated":true}]}}