{"id":6223,"date":"2021-01-28T18:20:34","date_gmt":"2021-01-28T17:20:34","guid":{"rendered":"http:\/\/migennesrugby.fr\/?page_id=6223"},"modified":"2021-11-10T17:28:50","modified_gmt":"2021-11-10T16:28:50","slug":"actualites","status":"publish","type":"page","link":"https:\/\/migennesrugby.fr\/?page_id=6223","title":{"rendered":"Actualit\u00e9s"},"content":{"rendered":"\n<div class=\"wp-block-image\"><figure class=\"aligncenter size-large\"><img loading=\"lazy\" decoding=\"async\" width=\"600\" height=\"337\" src=\"https:\/\/migennesrugby.fr\/wp-content\/uploads\/2021\/11\/Apprentis-600x337.jpg\" alt=\"\" class=\"wp-image-7003\" srcset=\"https:\/\/migennesrugby.fr\/wp-content\/uploads\/2021\/11\/Apprentis-600x337.jpg 600w, https:\/\/migennesrugby.fr\/wp-content\/uploads\/2021\/11\/Apprentis-768x431.jpg 768w, https:\/\/migennesrugby.fr\/wp-content\/uploads\/2021\/11\/Apprentis.jpg 1187w\" sizes=\"(max-width: 600px) 100vw, 600px\" \/><\/figure><\/div>\n\n\n\n<p class=\"has-text-color has-medium-font-size\" style=\"color:#021477\">Samedi 18 septembre 2021 se tenait notre A G O. Peut de monde !<\/p>\n\n\n\n<div class=\"wp-block-image\"><figure class=\"aligncenter size-large\"><img loading=\"lazy\" decoding=\"async\" width=\"600\" height=\"513\" src=\"https:\/\/migennesrugby.fr\/wp-content\/uploads\/2021\/10\/bref-600x513.jpg\" alt=\"\" class=\"wp-image-6900\" srcset=\"https:\/\/migennesrugby.fr\/wp-content\/uploads\/2021\/10\/bref-600x513.jpg 600w, https:\/\/migennesrugby.fr\/wp-content\/uploads\/2021\/10\/bref.jpg 769w\" sizes=\"(max-width: 600px) 100vw, 600px\" \/><\/figure><\/div>\n\n\n\n<p>Nous ferons mieux en juin prochain pour l&#8217;A G E&#8230; Merci au Pr\u00e9sidents de l&#8217;ASUC omnisports Bernard ESNAULT et \u00e0 Jean-Pierre BREUGNOT Pr\u00e9sident de l&#8217;O I C S.<\/p>\n\n\n\n<div class=\"wp-block-image\"><figure class=\"aligncenter size-large\"><img loading=\"lazy\" decoding=\"async\" width=\"600\" height=\"367\" src=\"https:\/\/migennesrugby.fr\/wp-content\/uploads\/2021\/09\/ag-1-600x367.jpg\" alt=\"\" class=\"wp-image-6841\" srcset=\"https:\/\/migennesrugby.fr\/wp-content\/uploads\/2021\/09\/ag-1-600x367.jpg 600w, https:\/\/migennesrugby.fr\/wp-content\/uploads\/2021\/09\/ag-1-768x470.jpg 768w, https:\/\/migennesrugby.fr\/wp-content\/uploads\/2021\/09\/ag-1.jpg 775w\" sizes=\"(max-width: 600px) 100vw, 600px\" \/><\/figure><\/div>\n\n\n\n<div class=\"wp-block-image\"><figure class=\"aligncenter size-large\"><img loading=\"lazy\" decoding=\"async\" width=\"600\" height=\"146\" src=\"https:\/\/migennesrugby.fr\/wp-content\/uploads\/2021\/09\/ag1-1-600x146.jpg\" alt=\"\" class=\"wp-image-6839\" srcset=\"https:\/\/migennesrugby.fr\/wp-content\/uploads\/2021\/09\/ag1-1-600x146.jpg 600w, https:\/\/migennesrugby.fr\/wp-content\/uploads\/2021\/09\/ag1-1-768x187.jpg 768w, https:\/\/migennesrugby.fr\/wp-content\/uploads\/2021\/09\/ag1-1.jpg 777w\" sizes=\"(max-width: 600px) 100vw, 600px\" \/><\/figure><\/div>\n\n\n\n<div class=\"wp-block-image\"><figure class=\"aligncenter size-large\"><img loading=\"lazy\" decoding=\"async\" width=\"600\" height=\"465\" src=\"https:\/\/migennesrugby.fr\/wp-content\/uploads\/2021\/09\/cap12-600x465.jpg\" alt=\"\" class=\"wp-image-6819\" srcset=\"https:\/\/migennesrugby.fr\/wp-content\/uploads\/2021\/09\/cap12-600x465.jpg 600w, https:\/\/migennesrugby.fr\/wp-content\/uploads\/2021\/09\/cap12-768x595.jpg 768w, https:\/\/migennesrugby.fr\/wp-content\/uploads\/2021\/09\/cap12.jpg 776w\" sizes=\"(max-width: 600px) 100vw, 600px\" \/><\/figure><\/div>\n\n\n\n<div class=\"wp-block-image\"><figure class=\"aligncenter size-large\"><img loading=\"lazy\" decoding=\"async\" width=\"600\" height=\"260\" src=\"https:\/\/migennesrugby.fr\/wp-content\/uploads\/2021\/09\/cap5-600x260.jpg\" alt=\"\" class=\"wp-image-6821\" srcset=\"https:\/\/migennesrugby.fr\/wp-content\/uploads\/2021\/09\/cap5-600x260.jpg 600w, https:\/\/migennesrugby.fr\/wp-content\/uploads\/2021\/09\/cap5-768x332.jpg 768w, https:\/\/migennesrugby.fr\/wp-content\/uploads\/2021\/09\/cap5.jpg 772w\" sizes=\"(max-width: 600px) 100vw, 600px\" \/><\/figure><\/div>\n\n\n\n<div class=\"wp-block-image\"><figure class=\"aligncenter size-large\"><img loading=\"lazy\" decoding=\"async\" width=\"600\" height=\"475\" src=\"https:\/\/migennesrugby.fr\/wp-content\/uploads\/2021\/09\/cap4-600x475.jpg\" alt=\"\" class=\"wp-image-6822\" srcset=\"https:\/\/migennesrugby.fr\/wp-content\/uploads\/2021\/09\/cap4-600x475.jpg 600w, https:\/\/migennesrugby.fr\/wp-content\/uploads\/2021\/09\/cap4.jpg 766w\" sizes=\"(max-width: 600px) 100vw, 600px\" \/><\/figure><\/div>\n\n\n\n<div class=\"wp-block-image\"><figure class=\"aligncenter size-large\"><img loading=\"lazy\" decoding=\"async\" width=\"600\" height=\"326\" src=\"https:\/\/migennesrugby.fr\/wp-content\/uploads\/2021\/09\/cap3-600x326.jpg\" alt=\"\" class=\"wp-image-6823\" srcset=\"https:\/\/migennesrugby.fr\/wp-content\/uploads\/2021\/09\/cap3-600x326.jpg 600w, https:\/\/migennesrugby.fr\/wp-content\/uploads\/2021\/09\/cap3-768x417.jpg 768w, https:\/\/migennesrugby.fr\/wp-content\/uploads\/2021\/09\/cap3.jpg 783w\" sizes=\"(max-width: 600px) 100vw, 600px\" \/><\/figure><\/div>\n\n\n\n<div class=\"wp-block-image\"><figure class=\"aligncenter size-large\"><img loading=\"lazy\" decoding=\"async\" width=\"600\" height=\"438\" src=\"https:\/\/migennesrugby.fr\/wp-content\/uploads\/2021\/09\/le-mot-600x438.jpg\" alt=\"\" class=\"wp-image-6832\" srcset=\"https:\/\/migennesrugby.fr\/wp-content\/uploads\/2021\/09\/le-mot-600x438.jpg 600w, https:\/\/migennesrugby.fr\/wp-content\/uploads\/2021\/09\/le-mot-768x560.jpg 768w, https:\/\/migennesrugby.fr\/wp-content\/uploads\/2021\/09\/le-mot.jpg 776w\" sizes=\"(max-width: 600px) 100vw, 600px\" \/><\/figure><\/div>\n\n\n\n<div class=\"wp-block-image\"><figure class=\"aligncenter size-large\"><img loading=\"lazy\" decoding=\"async\" width=\"600\" height=\"298\" src=\"https:\/\/migennesrugby.fr\/wp-content\/uploads\/2021\/03\/france-2023-600x298.jpg\" alt=\"\" class=\"wp-image-6486\" srcset=\"https:\/\/migennesrugby.fr\/wp-content\/uploads\/2021\/03\/france-2023-600x298.jpg 600w, https:\/\/migennesrugby.fr\/wp-content\/uploads\/2021\/03\/france-2023-768x382.jpg 768w, https:\/\/migennesrugby.fr\/wp-content\/uploads\/2021\/03\/france-2023.jpg 776w\" sizes=\"(max-width: 600px) 100vw, 600px\" \/><\/figure><\/div>\n\n\n\n<div class=\"wp-block-image\"><figure class=\"aligncenter size-large\"><img loading=\"lazy\" decoding=\"async\" width=\"600\" height=\"424\" src=\"https:\/\/migennesrugby.fr\/wp-content\/uploads\/2021\/03\/fin--600x424.jpg\" alt=\"\" class=\"wp-image-6485\" srcset=\"https:\/\/migennesrugby.fr\/wp-content\/uploads\/2021\/03\/fin--600x424.jpg 600w, https:\/\/migennesrugby.fr\/wp-content\/uploads\/2021\/03\/fin--768x543.jpg 768w, https:\/\/migennesrugby.fr\/wp-content\/uploads\/2021\/03\/fin-.jpg 776w\" sizes=\"(max-width: 600px) 100vw, 600px\" \/><\/figure><\/div>\n\n\n\n<p class=\"has-drop-cap has-text-color\" style=\"color:#a30003\">Vous trouverez ci-dessous le lien d&#8217;acc\u00e8s \u00e0 notre &#8220;plaquette club&#8221; annuelle :<\/p>\n\n\n\n<p><em>C&#8217;est la premi\u00e8re fois nous direz-vous ?<\/em><br><\/p>\n\n\n\n<p>Oui, c&#8217;est bien la premi\u00e8re fois que nous r\u00e9alisons notre plaquette de fa\u00e7on d\u00e9mat\u00e9rialis\u00e9e. Crise sanitaire oblige, vous l&#8217;avez s\u00fbrement constat\u00e9 plus aucun livre, aucune revue, aucun catalogue ne sont \u00e0 disposition chez nos commer\u00e7ants, salles d&#8217;attentes, grandes surfaces etc&#8230; Notre plaquette club en est donc directement impact\u00e9e.<br><\/p>\n\n\n\n<p>De la \u00e0 saisir cette opportunit\u00e9 d\u2019innover il n&#8217;y avait qu&#8217;un pas, notre plaquette club 2020-2021 sera num\u00e9rique&#8230;<\/p>\n\n\n\n<figure class=\"wp-block-image size-large\"><a href=\"https:\/\/fr.calameo.com\/read\/0065757191d0d36df0bc3\" target=\"_blank\" rel=\"noopener\"><img loading=\"lazy\" decoding=\"async\" width=\"600\" height=\"861\" src=\"https:\/\/migennesrugby.fr\/wp-content\/uploads\/2021\/02\/Page-de-garde-2020-2021-600x861.jpg\" alt=\"\" class=\"wp-image-6304\" srcset=\"https:\/\/migennesrugby.fr\/wp-content\/uploads\/2021\/02\/Page-de-garde-2020-2021-600x861.jpg 600w, https:\/\/migennesrugby.fr\/wp-content\/uploads\/2021\/02\/Page-de-garde-2020-2021-768x1102.jpg 768w, https:\/\/migennesrugby.fr\/wp-content\/uploads\/2021\/02\/Page-de-garde-2020-2021.jpg 964w\" sizes=\"(max-width: 600px) 100vw, 600px\" \/><\/a><\/figure>\n\n\n\n<p>En la visionnant vous pourrez \u00e9galement tout \u00e0 votre guise et d&#8217;un simple clic, vous rendre sur les sites internet de nos &#8220;partenaires majeurs&#8221; et &#8220;institutionnels&#8221;.<\/p>\n\n\n\n<p>Restant comme toujours \u00e0 l&#8217;\u00e9coute de vos remarques et conseils,<br><\/p>\n\n\n\n<p>Nous vous souhaitons bonne d\u00e9couverte et bonne lecture de cette &#8220;plaquette club&#8221; 2020-2021.<\/p>\n\n\n\n<p>Sportivement<\/p>\n\n\n\n<p><em>L&#8217;\u00e9quipe communication\/partenariat-sponsoring<\/em><\/p>\n\n\n\n<p><\/p>\n\n\n\n<p><\/p>\n\n\n\n<p><\/p>\n\n\n\n<p class=\"has-text-align-center has-blue-color has-text-color has-medium-font-size\"><strong>Ils pensent toujours \u00e0 leur club formateur&#8230;<\/strong><\/p>\n\n\n\n<p>Colin (Stade dijonnais) et Julien (SU Agen) d\u00e8s qu&#8217; ils le peuvent continuent \u00e0 porter haut les couleurs de leur club formateur l&#8217;A S U C Migennes rugby. Merci.<\/p>\n\n\n\n<p>Nous leur souhaitons le meilleur pour leur avenir.<\/p>\n\n\n\n<figure class=\"wp-block-image size-large\"><img loading=\"lazy\" decoding=\"async\" width=\"542\" height=\"520\" src=\"https:\/\/migennesrugby.fr\/wp-content\/uploads\/2021\/01\/colin.png\" alt=\"\" class=\"wp-image-6250\"\/><\/figure>\n\n\n\n<figure class=\"wp-block-image size-large\"><img loading=\"lazy\" decoding=\"async\" width=\"600\" height=\"378\" src=\"https:\/\/migennesrugby.fr\/wp-content\/uploads\/2021\/01\/juju-600x378.png\" alt=\"\" class=\"wp-image-6249\" srcset=\"https:\/\/migennesrugby.fr\/wp-content\/uploads\/2021\/01\/juju-600x378.png 600w, https:\/\/migennesrugby.fr\/wp-content\/uploads\/2021\/01\/juju.png 769w\" sizes=\"(max-width: 600px) 100vw, 600px\" \/><\/figure>\n\n\n\n<p><\/p>\n","protected":false},"excerpt":{"rendered":"<p>Samedi 18 septembre 2021 se tenait notre A G O. Peut de monde ! Nous ferons mieux en juin prochain pour l&#8217;A G E&#8230; Merci au Pr\u00e9sidents de l&#8217;ASUC omnisports Bernard ESNAULT et \u00e0 Jean-Pierre BREUGNOT Pr\u00e9sident de l&#8217;O I &hellip; <a href=\"https:\/\/migennesrugby.fr\/?page_id=6223\">Continuer la lecture <span class=\"meta-nav\">&rarr;<\/span><\/a><\/p>\n","protected":false},"author":8,"featured_media":0,"parent":0,"menu_order":0,"comment_status":"closed","ping_status":"closed","template":"","meta":{"advgb_blocks_editor_width":"","advgb_blocks_columns_visual_guide":"","footnotes":""},"class_list":["post-6223","page","type-page","status-publish","hentry"],"uagb_featured_image_src":{"full":false,"thumbnail":false,"medium":false,"medium_large":false,"large":false,"1536x1536":false,"2048x2048":false,"wptouch-new-thumbnail":false,"post-thumbnail":false},"uagb_author_info":{"display_name":"Patrice","author_link":"https:\/\/migennesrugby.fr\/?author=8"},"uagb_comment_info":0,"uagb_excerpt":"Samedi 18 septembre 2021 se tenait notre A G O. Peut de monde ! Nous ferons mieux en juin prochain pour l&#8217;A G E&#8230; Merci au Pr\u00e9sidents de l&#8217;ASUC omnisports Bernard ESNAULT et \u00e0 Jean-Pierre BREUGNOT Pr\u00e9sident de l&#8217;O I &hellip; Continuer la lecture &rarr;","coauthors":[],"author_meta":{"author_link":"https:\/\/migennesrugby.fr\/?author=8","display_name":"Patrice"},"relative_dates":{"created":"Publi\u00e9 5 ans il y a","modified":"Mis \u00e0 jour 4 ans il y a"},"absolute_dates":{"created":"Publi\u00e9 le 28 janvier 2021","modified":"Mise \u00e0 jour le 10 novembre 2021"},"absolute_dates_time":{"created":"Publi\u00e9 le 28 janvier 2021 18 h 20 min","modified":"Mise \u00e0 jour le 10 novembre 2021 17 h 28 min"},"featured_img_caption":"","featured_img":false,"series_order":"","_links":{"self":[{"href":"https:\/\/migennesrugby.fr\/index.php?rest_route=\/wp\/v2\/pages\/6223"}],"collection":[{"href":"https:\/\/migennesrugby.fr\/index.php?rest_route=\/wp\/v2\/pages"}],"about":[{"href":"https:\/\/migennesrugby.fr\/index.php?rest_route=\/wp\/v2\/types\/page"}],"author":[{"embeddable":true,"href":"https:\/\/migennesrugby.fr\/index.php?rest_route=\/wp\/v2\/users\/8"}],"replies":[{"embeddable":true,"href":"https:\/\/migennesrugby.fr\/index.php?rest_route=%2Fwp%2Fv2%2Fcomments&post=6223"}],"version-history":[{"count":17,"href":"https:\/\/migennesrugby.fr\/index.php?rest_route=\/wp\/v2\/pages\/6223\/revisions"}],"predecessor-version":[{"id":7004,"href":"https:\/\/migennesrugby.fr\/index.php?rest_route=\/wp\/v2\/pages\/6223\/revisions\/7004"}],"wp:attachment":[{"href":"https:\/\/migennesrugby.fr\/index.php?rest_route=%2Fwp%2Fv2%2Fmedia&parent=6223"}],"curies":[{"name":"wp","href":"https:\/\/api.w.org\/{rel}","templated":true}]}}