{"id":6294,"date":"2021-02-05T19:56:38","date_gmt":"2021-02-05T18:56:38","guid":{"rendered":"http:\/\/migennesrugby.fr\/?page_id=6294"},"modified":"2021-03-20T11:17:42","modified_gmt":"2021-03-20T10:17:42","slug":"partenariat","status":"publish","type":"page","link":"https:\/\/migennesrugby.fr\/?page_id=6294","title":{"rendered":"Partenariat"},"content":{"rendered":"\n<h1 class=\"has-text-align-center has-text-color wp-block-heading\" style=\"color:#0a4487;font-size:23px\"><span style=\"color: #000000;\">Nos b\u00e9n\u00e9voles et licenci\u00e9s remercient tous nos partenaires pour leur engagement et leur soutient financier.<\/span><strong><span style=\"color: #000000;\"><br><\/span><\/strong><\/h1>\n\n\n\n<p class=\"has-text-align-center has-text-color\" style=\"color:#0d4a65;font-size:25px\">Vous voulez rejoindre l&#8217;\u00e9quipe partenaires ?  <\/p>\n\n\n\n<p class=\"has-text-align-center has-blue-color has-text-color\" style=\"font-size:24px\">Aller c&#8217;est parti\u2026 Nous vous attendons :<\/p>\n\n\n\n<p class=\"has-text-align-center has-text-color\" style=\"color:#fc070f;font-size:28px\">Pascal LE ROUX<\/p>\n\n\n\n<p class=\"has-text-align-center has-text-color\" style=\"color:#fc070f;font-size:28px\">t\u00e9l\u00e9phone : 06 25 28 50 81<\/p>\n\n\n\n<p class=\"has-text-align-center has-text-color\" style=\"color:#fc070f;font-size:28px\">courriel : partenariat@migennesrugby.fr<\/p>\n\n\n\n<p><\/p>\n","protected":false},"excerpt":{"rendered":"<p>Nos b\u00e9n\u00e9voles et licenci\u00e9s remercient tous nos partenaires pour leur engagement et leur soutient financier. Vous voulez rejoindre l&#8217;\u00e9quipe partenaires ? Aller c&#8217;est parti\u2026 Nous vous attendons : Pascal LE ROUX t\u00e9l\u00e9phone : 06 25 28 50 81 courriel : &hellip; <a href=\"https:\/\/migennesrugby.fr\/?page_id=6294\">Continuer la lecture <span class=\"meta-nav\">&rarr;<\/span><\/a><\/p>\n","protected":false},"author":8,"featured_media":0,"parent":0,"menu_order":0,"comment_status":"closed","ping_status":"closed","template":"","meta":{"advgb_blocks_editor_width":"","advgb_blocks_columns_visual_guide":"","footnotes":""},"class_list":["post-6294","page","type-page","status-publish","hentry"],"uagb_featured_image_src":{"full":false,"thumbnail":false,"medium":false,"medium_large":false,"large":false,"1536x1536":false,"2048x2048":false,"wptouch-new-thumbnail":false,"post-thumbnail":false},"uagb_author_info":{"display_name":"Patrice","author_link":"https:\/\/migennesrugby.fr\/?author=8"},"uagb_comment_info":0,"uagb_excerpt":"Nos b\u00e9n\u00e9voles et licenci\u00e9s remercient tous nos partenaires pour leur engagement et leur soutient financier. Vous voulez rejoindre l&#8217;\u00e9quipe partenaires ? Aller c&#8217;est parti\u2026 Nous vous attendons : Pascal LE ROUX t\u00e9l\u00e9phone : 06 25 28 50 81 courriel : &hellip; Continuer la lecture &rarr;","coauthors":[],"author_meta":{"author_link":"https:\/\/migennesrugby.fr\/?author=8","display_name":"Patrice"},"relative_dates":{"created":"Publi\u00e9 5 ans il y a","modified":"Mis \u00e0 jour 5 ans il y a"},"absolute_dates":{"created":"Publi\u00e9 le 5 f\u00e9vrier 2021","modified":"Mise \u00e0 jour le 20 mars 2021"},"absolute_dates_time":{"created":"Publi\u00e9 le 5 f\u00e9vrier 2021 19 h 56 min","modified":"Mise \u00e0 jour le 20 mars 2021 11 h 17 min"},"featured_img_caption":"","featured_img":false,"series_order":"","_links":{"self":[{"href":"https:\/\/migennesrugby.fr\/index.php?rest_route=\/wp\/v2\/pages\/6294"}],"collection":[{"href":"https:\/\/migennesrugby.fr\/index.php?rest_route=\/wp\/v2\/pages"}],"about":[{"href":"https:\/\/migennesrugby.fr\/index.php?rest_route=\/wp\/v2\/types\/page"}],"author":[{"embeddable":true,"href":"https:\/\/migennesrugby.fr\/index.php?rest_route=\/wp\/v2\/users\/8"}],"replies":[{"embeddable":true,"href":"https:\/\/migennesrugby.fr\/index.php?rest_route=%2Fwp%2Fv2%2Fcomments&post=6294"}],"version-history":[{"count":24,"href":"https:\/\/migennesrugby.fr\/index.php?rest_route=\/wp\/v2\/pages\/6294\/revisions"}],"predecessor-version":[{"id":6502,"href":"https:\/\/migennesrugby.fr\/index.php?rest_route=\/wp\/v2\/pages\/6294\/revisions\/6502"}],"wp:attachment":[{"href":"https:\/\/migennesrugby.fr\/index.php?rest_route=%2Fwp%2Fv2%2Fmedia&parent=6294"}],"curies":[{"name":"wp","href":"https:\/\/api.w.org\/{rel}","templated":true}]}}